{"id":13831,"date":"2024-03-25T12:33:04","date_gmt":"2024-03-25T11:33:04","guid":{"rendered":"https:\/\/hansa-flex.ch\/services\/logistics-solutions\/kitting\/"},"modified":"2024-05-14T18:07:26","modified_gmt":"2024-05-14T16:07:26","slug":"kitting","status":"publish","type":"page","link":"https:\/\/hansa-flex.ch\/fr\/services\/solutions-logistiques\/kitting\/","title":{"rendered":"Kitting"},"content":{"rendered":"\n<p>En tant que partenaire syst\u00e8me, HANSA-FLEX fournit des kits pr\u00eats \u00e0 l&#8217;emploi contenant des composants provenant de fournisseurs tiers ainsi que de HANSA-FLEX. Les lignes de production sont assur\u00e9es d&#8217;un approvisionnement ininterrompu en composants. Nos clients gagnent du temps, augmentent leur rendement et r\u00e9duisent le taux de d\u00e9faillance.<\/p>\n","protected":false},"excerpt":{"rendered":"<p>En tant que partenaire syst\u00e8me, HANSA-FLEX fournit des kits pr\u00eats \u00e0 l&#8217;emploi contenant des composants provenant de fournisseurs tiers ainsi que de HANSA-FLEX. Les lignes de production sont assur\u00e9es d&#8217;un approvisionnement ininterrompu en composants. Nos clients gagnent du temps, augmentent leur rendement et r\u00e9duisent le taux de d\u00e9faillance.<\/p>\n","protected":false},"author":3,"featured_media":13832,"parent":13784,"menu_order":0,"comment_status":"closed","ping_status":"closed","template":"","meta":{"_acf_changed":true,"footnotes":""},"class_list":["post-13831","page","type-page","status-publish","has-post-thumbnail","hentry"],"acf":[],"_links":{"self":[{"href":"https:\/\/hansa-flex.ch\/fr\/wp-json\/wp\/v2\/pages\/13831","targetHints":{"allow":["GET"]}}],"collection":[{"href":"https:\/\/hansa-flex.ch\/fr\/wp-json\/wp\/v2\/pages"}],"about":[{"href":"https:\/\/hansa-flex.ch\/fr\/wp-json\/wp\/v2\/types\/page"}],"author":[{"embeddable":true,"href":"https:\/\/hansa-flex.ch\/fr\/wp-json\/wp\/v2\/users\/3"}],"replies":[{"embeddable":true,"href":"https:\/\/hansa-flex.ch\/fr\/wp-json\/wp\/v2\/comments?post=13831"}],"version-history":[{"count":0,"href":"https:\/\/hansa-flex.ch\/fr\/wp-json\/wp\/v2\/pages\/13831\/revisions"}],"up":[{"embeddable":true,"href":"https:\/\/hansa-flex.ch\/fr\/wp-json\/wp\/v2\/pages\/13784"}],"wp:featuredmedia":[{"embeddable":true,"href":"https:\/\/hansa-flex.ch\/fr\/wp-json\/wp\/v2\/media\/13832"}],"wp:attachment":[{"href":"https:\/\/hansa-flex.ch\/fr\/wp-json\/wp\/v2\/media?parent=13831"}],"curies":[{"name":"wp","href":"https:\/\/api.w.org\/{rel}","templated":true}]}}