{"id":13840,"date":"2024-03-25T12:07:32","date_gmt":"2024-03-25T11:07:32","guid":{"rendered":"https:\/\/hansa-flex.ch\/services\/logistics-solutions\/warehouse-management\/"},"modified":"2024-05-14T18:05:20","modified_gmt":"2024-05-14T16:05:20","slug":"gestion-des-entrepots","status":"publish","type":"page","link":"https:\/\/hansa-flex.ch\/fr\/services\/solutions-logistiques\/gestion-des-entrepots\/","title":{"rendered":"Gestion des entrep\u00f4ts"},"content":{"rendered":"\n<p>En tant que partenaire syst\u00e8me pour tout ce qui concerne la technologie des fluides, notre objectif est de r\u00e9duire le temps que vous consacrez aux activit\u00e9s commerciales de routine, afin que vous puissiez vous concentrer sur les activit\u00e9s cr\u00e9atrices de valeur. Nous vous aidons notamment \u00e0 optimiser syst\u00e9matiquement vos processus d&#8217;entreposage afin de r\u00e9duire le temps inutile consacr\u00e9 \u00e0 la recherche d&#8217;articles et de concevoir un flux de mat\u00e9riaux plus efficace. En collaboration avec vous, nous trouvons la solution qui r\u00e9pond le mieux \u00e0 vos besoins.<\/p>\n","protected":false},"excerpt":{"rendered":"<p>En tant que partenaire syst\u00e8me pour tout ce qui concerne la technologie des fluides, notre objectif est de r\u00e9duire le temps que vous consacrez aux activit\u00e9s commerciales de routine, afin que vous puissiez vous concentrer sur les activit\u00e9s cr\u00e9atrices de valeur. Nous vous aidons notamment \u00e0 optimiser syst\u00e9matiquement vos processus d&#8217;entreposage afin de r\u00e9duire le [&hellip;]<\/p>\n","protected":false},"author":3,"featured_media":13843,"parent":13784,"menu_order":0,"comment_status":"closed","ping_status":"closed","template":"","meta":{"_acf_changed":true,"footnotes":""},"class_list":["post-13840","page","type-page","status-publish","has-post-thumbnail","hentry"],"acf":[],"_links":{"self":[{"href":"https:\/\/hansa-flex.ch\/fr\/wp-json\/wp\/v2\/pages\/13840","targetHints":{"allow":["GET"]}}],"collection":[{"href":"https:\/\/hansa-flex.ch\/fr\/wp-json\/wp\/v2\/pages"}],"about":[{"href":"https:\/\/hansa-flex.ch\/fr\/wp-json\/wp\/v2\/types\/page"}],"author":[{"embeddable":true,"href":"https:\/\/hansa-flex.ch\/fr\/wp-json\/wp\/v2\/users\/3"}],"replies":[{"embeddable":true,"href":"https:\/\/hansa-flex.ch\/fr\/wp-json\/wp\/v2\/comments?post=13840"}],"version-history":[{"count":0,"href":"https:\/\/hansa-flex.ch\/fr\/wp-json\/wp\/v2\/pages\/13840\/revisions"}],"up":[{"embeddable":true,"href":"https:\/\/hansa-flex.ch\/fr\/wp-json\/wp\/v2\/pages\/13784"}],"wp:featuredmedia":[{"embeddable":true,"href":"https:\/\/hansa-flex.ch\/fr\/wp-json\/wp\/v2\/media\/13843"}],"wp:attachment":[{"href":"https:\/\/hansa-flex.ch\/fr\/wp-json\/wp\/v2\/media?parent=13840"}],"curies":[{"name":"wp","href":"https:\/\/api.w.org\/{rel}","templated":true}]}}