{"id":13855,"date":"2024-03-25T12:51:26","date_gmt":"2024-03-25T11:51:26","guid":{"rendered":"https:\/\/hansa-flex.ch\/services\/logistics-solutions\/works-in-works\/"},"modified":"2024-05-14T18:09:08","modified_gmt":"2024-05-14T16:09:08","slug":"travaux-en-cours","status":"publish","type":"page","link":"https:\/\/hansa-flex.ch\/fr\/services\/solutions-logistiques\/travaux-en-cours\/","title":{"rendered":"Travaux en cours"},"content":{"rendered":"\n<p>Des mat\u00e9riaux et des composants imm\u00e9diatement disponibles &#8211; c&#8217;est le grand avantage du service de fabrication en usine de HANSA-FLEX. Les ateliers de fabrication int\u00e9gr\u00e9s sont mis \u00e0 disposition par nos collaborateurs sur place. Ils fournissent les composants n\u00e9cessaires juste \u00e0 temps pour vos lignes de production. Gr\u00e2ce \u00e0 nos nombreuses ann\u00e9es d&#8217;exp\u00e9rience, nous sommes en mesure de proposer des solutions efficaces pour la fabrication de tuyaux et de composants hydrauliques.<\/p>\n","protected":false},"excerpt":{"rendered":"<p>Des mat\u00e9riaux et des composants imm\u00e9diatement disponibles &#8211; c&#8217;est le grand avantage du service de fabrication en usine de HANSA-FLEX. Les ateliers de fabrication int\u00e9gr\u00e9s sont mis \u00e0 disposition par nos collaborateurs sur place. Ils fournissent les composants n\u00e9cessaires juste \u00e0 temps pour vos lignes de production. Gr\u00e2ce \u00e0 nos nombreuses ann\u00e9es d&#8217;exp\u00e9rience, nous sommes [&hellip;]<\/p>\n","protected":false},"author":3,"featured_media":13856,"parent":13784,"menu_order":0,"comment_status":"closed","ping_status":"closed","template":"","meta":{"_acf_changed":true,"footnotes":""},"class_list":["post-13855","page","type-page","status-publish","has-post-thumbnail","hentry"],"acf":[],"_links":{"self":[{"href":"https:\/\/hansa-flex.ch\/fr\/wp-json\/wp\/v2\/pages\/13855","targetHints":{"allow":["GET"]}}],"collection":[{"href":"https:\/\/hansa-flex.ch\/fr\/wp-json\/wp\/v2\/pages"}],"about":[{"href":"https:\/\/hansa-flex.ch\/fr\/wp-json\/wp\/v2\/types\/page"}],"author":[{"embeddable":true,"href":"https:\/\/hansa-flex.ch\/fr\/wp-json\/wp\/v2\/users\/3"}],"replies":[{"embeddable":true,"href":"https:\/\/hansa-flex.ch\/fr\/wp-json\/wp\/v2\/comments?post=13855"}],"version-history":[{"count":0,"href":"https:\/\/hansa-flex.ch\/fr\/wp-json\/wp\/v2\/pages\/13855\/revisions"}],"up":[{"embeddable":true,"href":"https:\/\/hansa-flex.ch\/fr\/wp-json\/wp\/v2\/pages\/13784"}],"wp:featuredmedia":[{"embeddable":true,"href":"https:\/\/hansa-flex.ch\/fr\/wp-json\/wp\/v2\/media\/13856"}],"wp:attachment":[{"href":"https:\/\/hansa-flex.ch\/fr\/wp-json\/wp\/v2\/media?parent=13855"}],"curies":[{"name":"wp","href":"https:\/\/api.w.org\/{rel}","templated":true}]}}