{"id":13867,"date":"2024-03-22T14:40:16","date_gmt":"2024-03-22T13:40:16","guid":{"rendered":"https:\/\/hansa-flex.ch\/services\/mobile-rapid-hydraulic-service\/"},"modified":"2024-05-14T17:46:20","modified_gmt":"2024-05-14T15:46:20","slug":"service-hydraulique-rapide-et-mobile","status":"publish","type":"page","link":"https:\/\/hansa-flex.ch\/fr\/services\/service-hydraulique-rapide-et-mobile\/","title":{"rendered":"Service hydraulique rapide et mobile"},"content":{"rendered":"\n<p>Lorsque des composants hydrauliques tombent en panne de mani\u00e8re inattendue, il faut agir vite. Avec 180 v\u00e9hicules r\u00e9partis dans toute l&#8217;Allemagne, notre service mobile Rapid Hydraulic Service est toujours l\u00e0 pour vous, disponible 24 heures sur 24, 7 jours sur 7 et 365 jours par an, afin de r\u00e9duire au minimum vos temps d&#8217;arr\u00eat. Nos techniciens de service bien form\u00e9s et exp\u00e9riment\u00e9s sont chez vous dans l&#8217;heure qui suit. Ils \u00e9liminent les d\u00e9fauts, installent des pi\u00e8ces de rechange et fabriquent des conduites flexibles personnalis\u00e9es sur place dans leur atelier embarqu\u00e9.<\/p>\n","protected":false},"excerpt":{"rendered":"<p>Lorsque des composants hydrauliques tombent en panne de mani\u00e8re inattendue, il faut agir vite. Avec 180 v\u00e9hicules r\u00e9partis dans toute l&#8217;Allemagne, notre service mobile Rapid Hydraulic Service est toujours l\u00e0 pour vous, disponible 24 heures sur 24, 7 jours sur 7 et 365 jours par an, afin de r\u00e9duire au minimum vos temps d&#8217;arr\u00eat. Nos [&hellip;]<\/p>\n","protected":false},"author":3,"featured_media":13870,"parent":13615,"menu_order":0,"comment_status":"closed","ping_status":"closed","template":"","meta":{"_acf_changed":true,"footnotes":""},"class_list":["post-13867","page","type-page","status-publish","has-post-thumbnail","hentry"],"acf":[],"_links":{"self":[{"href":"https:\/\/hansa-flex.ch\/fr\/wp-json\/wp\/v2\/pages\/13867","targetHints":{"allow":["GET"]}}],"collection":[{"href":"https:\/\/hansa-flex.ch\/fr\/wp-json\/wp\/v2\/pages"}],"about":[{"href":"https:\/\/hansa-flex.ch\/fr\/wp-json\/wp\/v2\/types\/page"}],"author":[{"embeddable":true,"href":"https:\/\/hansa-flex.ch\/fr\/wp-json\/wp\/v2\/users\/3"}],"replies":[{"embeddable":true,"href":"https:\/\/hansa-flex.ch\/fr\/wp-json\/wp\/v2\/comments?post=13867"}],"version-history":[{"count":0,"href":"https:\/\/hansa-flex.ch\/fr\/wp-json\/wp\/v2\/pages\/13867\/revisions"}],"up":[{"embeddable":true,"href":"https:\/\/hansa-flex.ch\/fr\/wp-json\/wp\/v2\/pages\/13615"}],"wp:featuredmedia":[{"embeddable":true,"href":"https:\/\/hansa-flex.ch\/fr\/wp-json\/wp\/v2\/media\/13870"}],"wp:attachment":[{"href":"https:\/\/hansa-flex.ch\/fr\/wp-json\/wp\/v2\/media?parent=13867"}],"curies":[{"name":"wp","href":"https:\/\/api.w.org\/{rel}","templated":true}]}}