{"id":13885,"date":"2024-03-22T17:49:46","date_gmt":"2024-03-22T16:49:46","guid":{"rendered":"https:\/\/hansa-flex.ch\/hose-management\/"},"modified":"2024-05-30T21:56:20","modified_gmt":"2024-05-30T19:56:20","slug":"gestion-des-tuyaux","status":"publish","type":"page","link":"https:\/\/hansa-flex.ch\/fr\/services\/maintenance-preventive\/gestion-des-tuyaux\/","title":{"rendered":"Gestion des tuyaux"},"content":{"rendered":"\n<p>Les conduites hydrauliques sont des \u00e9quipements de travail tr\u00e8s sollicit\u00e9s. Elles doivent \u00eatre r\u00e9guli\u00e8rement inspect\u00e9es et remplac\u00e9es au bon moment afin d&#8217;\u00e9viter tout risque pour les personnes et les machines. Une gestion professionnelle des flexibles fournit tout ce qui est n\u00e9cessaire pour garantir que ces inspections ont lieu en temps voulu, dans les d\u00e9lais prescrits par la loi, et qu&#8217;elles sont enregistr\u00e9es<\/p>\n\n\n\n<p><\/p>\n","protected":false},"excerpt":{"rendered":"<p>Les conduites hydrauliques sont des \u00e9quipements de travail tr\u00e8s sollicit\u00e9s. Elles doivent \u00eatre r\u00e9guli\u00e8rement inspect\u00e9es et remplac\u00e9es au bon moment afin d&#8217;\u00e9viter tout risque pour les personnes et les machines. Une gestion professionnelle des flexibles fournit tout ce qui est n\u00e9cessaire pour garantir que ces inspections ont lieu en temps voulu, dans les d\u00e9lais prescrits [&hellip;]<\/p>\n","protected":false},"author":3,"featured_media":13886,"parent":13909,"menu_order":0,"comment_status":"closed","ping_status":"closed","template":"","meta":{"_acf_changed":true,"footnotes":""},"class_list":["post-13885","page","type-page","status-publish","has-post-thumbnail","hentry"],"acf":[],"_links":{"self":[{"href":"https:\/\/hansa-flex.ch\/fr\/wp-json\/wp\/v2\/pages\/13885","targetHints":{"allow":["GET"]}}],"collection":[{"href":"https:\/\/hansa-flex.ch\/fr\/wp-json\/wp\/v2\/pages"}],"about":[{"href":"https:\/\/hansa-flex.ch\/fr\/wp-json\/wp\/v2\/types\/page"}],"author":[{"embeddable":true,"href":"https:\/\/hansa-flex.ch\/fr\/wp-json\/wp\/v2\/users\/3"}],"replies":[{"embeddable":true,"href":"https:\/\/hansa-flex.ch\/fr\/wp-json\/wp\/v2\/comments?post=13885"}],"version-history":[{"count":0,"href":"https:\/\/hansa-flex.ch\/fr\/wp-json\/wp\/v2\/pages\/13885\/revisions"}],"up":[{"embeddable":true,"href":"https:\/\/hansa-flex.ch\/fr\/wp-json\/wp\/v2\/pages\/13909"}],"wp:featuredmedia":[{"embeddable":true,"href":"https:\/\/hansa-flex.ch\/fr\/wp-json\/wp\/v2\/media\/13886"}],"wp:attachment":[{"href":"https:\/\/hansa-flex.ch\/fr\/wp-json\/wp\/v2\/media?parent=13885"}],"curies":[{"name":"wp","href":"https:\/\/api.w.org\/{rel}","templated":true}]}}