{"id":13897,"date":"2024-03-23T15:17:08","date_gmt":"2024-03-23T14:17:08","guid":{"rendered":"https:\/\/hansa-flex.ch\/hose-management\/service-packages\/"},"modified":"2024-05-14T02:28:15","modified_gmt":"2024-05-14T00:28:15","slug":"paquets-de-services","status":"publish","type":"page","link":"https:\/\/hansa-flex.ch\/fr\/services\/maintenance-preventive\/gestion-des-tuyaux\/paquets-de-services\/","title":{"rendered":"Paquets de services"},"content":{"rendered":"\n<p>Le pack de services de gestion des flexibles de HANSA-FLEX vous offre des services sur mesure pour une exploitation s\u00fbre et conforme \u00e0 la l\u00e9gislation de vos syst\u00e8mes hydrauliques. Qu&#8217;il s&#8217;agisse du pack de d\u00e9marrage, du pack num\u00e9rique ou du pack complet sans souci comprenant l&#8217;inspection et la documentation, le prix journalier forfaitaire fixe facilite grandement la planification et l&#8217;estimation des co\u00fbts. Choisissez les services les mieux adapt\u00e9s \u00e0 la gestion de vos conduites flexibles.<\/p>\n","protected":false},"excerpt":{"rendered":"<p>Le pack de services de gestion des flexibles de HANSA-FLEX vous offre des services sur mesure pour une exploitation s\u00fbre et conforme \u00e0 la l\u00e9gislation de vos syst\u00e8mes hydrauliques. Qu&#8217;il s&#8217;agisse du pack de d\u00e9marrage, du pack num\u00e9rique ou du pack complet sans souci comprenant l&#8217;inspection et la documentation, le prix journalier forfaitaire fixe facilite [&hellip;]<\/p>\n","protected":false},"author":3,"featured_media":13604,"parent":13885,"menu_order":0,"comment_status":"closed","ping_status":"closed","template":"","meta":{"_acf_changed":true,"footnotes":""},"class_list":["post-13897","page","type-page","status-publish","has-post-thumbnail","hentry"],"acf":[],"_links":{"self":[{"href":"https:\/\/hansa-flex.ch\/fr\/wp-json\/wp\/v2\/pages\/13897","targetHints":{"allow":["GET"]}}],"collection":[{"href":"https:\/\/hansa-flex.ch\/fr\/wp-json\/wp\/v2\/pages"}],"about":[{"href":"https:\/\/hansa-flex.ch\/fr\/wp-json\/wp\/v2\/types\/page"}],"author":[{"embeddable":true,"href":"https:\/\/hansa-flex.ch\/fr\/wp-json\/wp\/v2\/users\/3"}],"replies":[{"embeddable":true,"href":"https:\/\/hansa-flex.ch\/fr\/wp-json\/wp\/v2\/comments?post=13897"}],"version-history":[{"count":0,"href":"https:\/\/hansa-flex.ch\/fr\/wp-json\/wp\/v2\/pages\/13897\/revisions"}],"up":[{"embeddable":true,"href":"https:\/\/hansa-flex.ch\/fr\/wp-json\/wp\/v2\/pages\/13885"}],"wp:featuredmedia":[{"embeddable":true,"href":"https:\/\/hansa-flex.ch\/fr\/wp-json\/wp\/v2\/media\/13604"}],"wp:attachment":[{"href":"https:\/\/hansa-flex.ch\/fr\/wp-json\/wp\/v2\/media?parent=13897"}],"curies":[{"name":"wp","href":"https:\/\/api.w.org\/{rel}","templated":true}]}}