{"id":13909,"date":"2024-03-22T17:37:07","date_gmt":"2024-03-22T16:37:07","guid":{"rendered":"https:\/\/hansa-flex.ch\/services\/preventative-maintenance\/"},"modified":"2024-05-14T02:25:15","modified_gmt":"2024-05-14T00:25:15","slug":"maintenance-preventive","status":"publish","type":"page","link":"https:\/\/hansa-flex.ch\/fr\/services\/maintenance-preventive\/","title":{"rendered":"Maintenance pr\u00e9ventive"},"content":{"rendered":"\n<p>La maintenance pr\u00e9ventive permet d&#8217;\u00e9viter les risques et les dommages tout en prolongeant la dur\u00e9e de vie de vos machines et installations. HANSA-FLEX est un sp\u00e9cialiste de la maintenance des syst\u00e8mes et peut vous aider en vous proposant de nombreux services utiles.<\/p>\n","protected":false},"excerpt":{"rendered":"<p>La maintenance pr\u00e9ventive permet d&#8217;\u00e9viter les risques et les dommages tout en prolongeant la dur\u00e9e de vie de vos machines et installations. HANSA-FLEX est un sp\u00e9cialiste de la maintenance des syst\u00e8mes et peut vous aider en vous proposant de nombreux services utiles.<\/p>\n","protected":false},"author":3,"featured_media":13910,"parent":13615,"menu_order":0,"comment_status":"closed","ping_status":"closed","template":"","meta":{"_acf_changed":true,"footnotes":""},"class_list":["post-13909","page","type-page","status-publish","has-post-thumbnail","hentry"],"acf":[],"_links":{"self":[{"href":"https:\/\/hansa-flex.ch\/fr\/wp-json\/wp\/v2\/pages\/13909","targetHints":{"allow":["GET"]}}],"collection":[{"href":"https:\/\/hansa-flex.ch\/fr\/wp-json\/wp\/v2\/pages"}],"about":[{"href":"https:\/\/hansa-flex.ch\/fr\/wp-json\/wp\/v2\/types\/page"}],"author":[{"embeddable":true,"href":"https:\/\/hansa-flex.ch\/fr\/wp-json\/wp\/v2\/users\/3"}],"replies":[{"embeddable":true,"href":"https:\/\/hansa-flex.ch\/fr\/wp-json\/wp\/v2\/comments?post=13909"}],"version-history":[{"count":0,"href":"https:\/\/hansa-flex.ch\/fr\/wp-json\/wp\/v2\/pages\/13909\/revisions"}],"up":[{"embeddable":true,"href":"https:\/\/hansa-flex.ch\/fr\/wp-json\/wp\/v2\/pages\/13615"}],"wp:featuredmedia":[{"embeddable":true,"href":"https:\/\/hansa-flex.ch\/fr\/wp-json\/wp\/v2\/media\/13910"}],"wp:attachment":[{"href":"https:\/\/hansa-flex.ch\/fr\/wp-json\/wp\/v2\/media?parent=13909"}],"curies":[{"name":"wp","href":"https:\/\/api.w.org\/{rel}","templated":true}]}}