{"id":13934,"date":"2024-03-23T14:03:22","date_gmt":"2024-03-23T13:03:22","guid":{"rendered":"https:\/\/hansa-flex.ch\/services\/preventative-maintenance\/hose-management\/x-code-manager\/"},"modified":"2024-06-05T10:52:05","modified_gmt":"2024-06-05T08:52:05","slug":"x-code-manager","status":"publish","type":"page","link":"https:\/\/hansa-flex.ch\/fr\/services\/maintenance-preventive\/gestion-des-tuyaux\/x-code-manager\/","title":{"rendered":"X-CODE Manager"},"content":{"rendered":"\n<p>X-CODE Manager dans le portail client My.HANSA-FLEX est la solution logicielle pratique pour la gestion de vos syst\u00e8mes hydrauliques. X-CODE Manager vous permet de cr\u00e9er et de g\u00e9rer une base de donn\u00e9es personnalis\u00e9e contenant toutes les informations pertinentes sur vos conduites hydrauliques. Le logiciel vous aide \u00e0 exploiter vos syst\u00e8mes en toute s\u00e9curit\u00e9 et en conformit\u00e9 avec la loi \u00e0 tout moment. B\u00e9n\u00e9ficiez d&#8217;une vue d&#8217;ensemble optimale des machines, des composants et des dates pr\u00e9vues, tout en optimisant la planification future de vos t\u00e2ches d&#8217;entretien.<\/p>\n","protected":false},"excerpt":{"rendered":"<p>X-CODE Manager dans le portail client My.HANSA-FLEX est la solution logicielle pratique pour la gestion de vos syst\u00e8mes hydrauliques. X-CODE Manager vous permet de cr\u00e9er et de g\u00e9rer une base de donn\u00e9es personnalis\u00e9e contenant toutes les informations pertinentes sur vos conduites hydrauliques. Le logiciel vous aide \u00e0 exploiter vos syst\u00e8mes en toute s\u00e9curit\u00e9 et en [&hellip;]<\/p>\n","protected":false},"author":3,"featured_media":13935,"parent":13885,"menu_order":0,"comment_status":"closed","ping_status":"closed","template":"","meta":{"_acf_changed":true,"footnotes":""},"class_list":["post-13934","page","type-page","status-publish","has-post-thumbnail","hentry"],"acf":[],"_links":{"self":[{"href":"https:\/\/hansa-flex.ch\/fr\/wp-json\/wp\/v2\/pages\/13934","targetHints":{"allow":["GET"]}}],"collection":[{"href":"https:\/\/hansa-flex.ch\/fr\/wp-json\/wp\/v2\/pages"}],"about":[{"href":"https:\/\/hansa-flex.ch\/fr\/wp-json\/wp\/v2\/types\/page"}],"author":[{"embeddable":true,"href":"https:\/\/hansa-flex.ch\/fr\/wp-json\/wp\/v2\/users\/3"}],"replies":[{"embeddable":true,"href":"https:\/\/hansa-flex.ch\/fr\/wp-json\/wp\/v2\/comments?post=13934"}],"version-history":[{"count":0,"href":"https:\/\/hansa-flex.ch\/fr\/wp-json\/wp\/v2\/pages\/13934\/revisions"}],"up":[{"embeddable":true,"href":"https:\/\/hansa-flex.ch\/fr\/wp-json\/wp\/v2\/pages\/13885"}],"wp:featuredmedia":[{"embeddable":true,"href":"https:\/\/hansa-flex.ch\/fr\/wp-json\/wp\/v2\/media\/13935"}],"wp:attachment":[{"href":"https:\/\/hansa-flex.ch\/fr\/wp-json\/wp\/v2\/media?parent=13934"}],"curies":[{"name":"wp","href":"https:\/\/api.w.org\/{rel}","templated":true}]}}