{"id":13946,"date":"2024-03-23T14:54:50","date_gmt":"2024-03-23T13:54:50","guid":{"rendered":"https:\/\/hansa-flex.ch\/services\/preventative-maintenance\/hose-management\/x-code-manager\/licences\/"},"modified":"2024-05-14T02:30:33","modified_gmt":"2024-05-14T00:30:33","slug":"licences","status":"publish","type":"page","link":"https:\/\/hansa-flex.ch\/fr\/services\/maintenance-preventive\/gestion-des-tuyaux\/x-code-manager\/licences\/","title":{"rendered":"Licences"},"content":{"rendered":"\n<p>Utilisez le X-CODE Manager sur le portail client My.HANSA-FLEX pour une gestion intelligente et confortable de vos flexibles hydrauliques et de tous les autres composants qui doivent \u00eatre r\u00e9guli\u00e8rement contr\u00f4l\u00e9s, entretenus et remplac\u00e9s. Optimisez l&#8217;approvisionnement en pi\u00e8ces de rechange pour ces articles gr\u00e2ce au X-CODE unique de HANSA-FLEX et cr\u00e9ez votre base de donn\u00e9es de maintenance individuelle avec le X-CODE Manager.<\/p>\n","protected":false},"excerpt":{"rendered":"<p>Utilisez le X-CODE Manager sur le portail client My.HANSA-FLEX pour une gestion intelligente et confortable de vos flexibles hydrauliques et de tous les autres composants qui doivent \u00eatre r\u00e9guli\u00e8rement contr\u00f4l\u00e9s, entretenus et remplac\u00e9s. Optimisez l&#8217;approvisionnement en pi\u00e8ces de rechange pour ces articles gr\u00e2ce au X-CODE unique de HANSA-FLEX et cr\u00e9ez votre base de donn\u00e9es de [&hellip;]<\/p>\n","protected":false},"author":3,"featured_media":13604,"parent":13934,"menu_order":0,"comment_status":"closed","ping_status":"closed","template":"","meta":{"_acf_changed":true,"footnotes":""},"class_list":["post-13946","page","type-page","status-publish","has-post-thumbnail","hentry"],"acf":[],"_links":{"self":[{"href":"https:\/\/hansa-flex.ch\/fr\/wp-json\/wp\/v2\/pages\/13946","targetHints":{"allow":["GET"]}}],"collection":[{"href":"https:\/\/hansa-flex.ch\/fr\/wp-json\/wp\/v2\/pages"}],"about":[{"href":"https:\/\/hansa-flex.ch\/fr\/wp-json\/wp\/v2\/types\/page"}],"author":[{"embeddable":true,"href":"https:\/\/hansa-flex.ch\/fr\/wp-json\/wp\/v2\/users\/3"}],"replies":[{"embeddable":true,"href":"https:\/\/hansa-flex.ch\/fr\/wp-json\/wp\/v2\/comments?post=13946"}],"version-history":[{"count":0,"href":"https:\/\/hansa-flex.ch\/fr\/wp-json\/wp\/v2\/pages\/13946\/revisions"}],"up":[{"embeddable":true,"href":"https:\/\/hansa-flex.ch\/fr\/wp-json\/wp\/v2\/pages\/13934"}],"wp:featuredmedia":[{"embeddable":true,"href":"https:\/\/hansa-flex.ch\/fr\/wp-json\/wp\/v2\/media\/13604"}],"wp:attachment":[{"href":"https:\/\/hansa-flex.ch\/fr\/wp-json\/wp\/v2\/media?parent=13946"}],"curies":[{"name":"wp","href":"https:\/\/api.w.org\/{rel}","templated":true}]}}