{"id":13958,"date":"2024-03-23T15:29:53","date_gmt":"2024-03-23T14:29:53","guid":{"rendered":"https:\/\/hansa-flex.ch\/services\/preventative-maintenance\/inspections\/"},"modified":"2024-05-14T00:06:17","modified_gmt":"2024-05-13T22:06:17","slug":"inspection-preventives","status":"publish","type":"page","link":"https:\/\/hansa-flex.ch\/fr\/services\/maintenance-preventive\/inspection-preventives\/","title":{"rendered":"Inspection pr\u00e9ventives"},"content":{"rendered":"\n<p>Les syst\u00e8mes hydrauliques sont extr\u00eamement sollicit\u00e9s. Des inspections r\u00e9guli\u00e8res sont donc n\u00e9cessaires pour garantir un fonctionnement fiable et s\u00fbr des installations et des machines. Les sp\u00e9cialistes des fluides de HANSA-FLEX, officiellement agr\u00e9\u00e9s, vous aident \u00e0 inspecter les conduites hydrauliques, les tuyaux industriels, les accumulateurs de pression, les plates-formes de levage et les ponts de chargement conform\u00e9ment aux exigences l\u00e9gales, telles que celles de la DGUV et de la BetrSichV.<\/p>\n","protected":false},"excerpt":{"rendered":"<p>Les syst\u00e8mes hydrauliques sont extr\u00eamement sollicit\u00e9s. Des inspections r\u00e9guli\u00e8res sont donc n\u00e9cessaires pour garantir un fonctionnement fiable et s\u00fbr des installations et des machines. Les sp\u00e9cialistes des fluides de HANSA-FLEX, officiellement agr\u00e9\u00e9s, vous aident \u00e0 inspecter les conduites hydrauliques, les tuyaux industriels, les accumulateurs de pression, les plates-formes de levage et les ponts de chargement [&hellip;]<\/p>\n","protected":false},"author":3,"featured_media":13959,"parent":13909,"menu_order":0,"comment_status":"closed","ping_status":"closed","template":"","meta":{"_acf_changed":true,"footnotes":""},"class_list":["post-13958","page","type-page","status-publish","has-post-thumbnail","hentry"],"acf":[],"_links":{"self":[{"href":"https:\/\/hansa-flex.ch\/fr\/wp-json\/wp\/v2\/pages\/13958","targetHints":{"allow":["GET"]}}],"collection":[{"href":"https:\/\/hansa-flex.ch\/fr\/wp-json\/wp\/v2\/pages"}],"about":[{"href":"https:\/\/hansa-flex.ch\/fr\/wp-json\/wp\/v2\/types\/page"}],"author":[{"embeddable":true,"href":"https:\/\/hansa-flex.ch\/fr\/wp-json\/wp\/v2\/users\/3"}],"replies":[{"embeddable":true,"href":"https:\/\/hansa-flex.ch\/fr\/wp-json\/wp\/v2\/comments?post=13958"}],"version-history":[{"count":0,"href":"https:\/\/hansa-flex.ch\/fr\/wp-json\/wp\/v2\/pages\/13958\/revisions"}],"up":[{"embeddable":true,"href":"https:\/\/hansa-flex.ch\/fr\/wp-json\/wp\/v2\/pages\/13909"}],"wp:featuredmedia":[{"embeddable":true,"href":"https:\/\/hansa-flex.ch\/fr\/wp-json\/wp\/v2\/media\/13959"}],"wp:attachment":[{"href":"https:\/\/hansa-flex.ch\/fr\/wp-json\/wp\/v2\/media?parent=13958"}],"curies":[{"name":"wp","href":"https:\/\/api.w.org\/{rel}","templated":true}]}}