{"id":13982,"date":"2024-03-23T16:43:32","date_gmt":"2024-03-23T15:43:32","guid":{"rendered":"https:\/\/hansa-flex.ch\/services\/preventative-maintenance\/inspections\/industrial-hose-inspection\/"},"modified":"2024-05-13T23:53:23","modified_gmt":"2024-05-13T21:53:23","slug":"inspection-des-tuyaux-industriels","status":"publish","type":"page","link":"https:\/\/hansa-flex.ch\/fr\/services\/maintenance-preventive\/inspection-preventives\/inspection-des-tuyaux-industriels\/","title":{"rendered":"Inspection des tuyaux industriels"},"content":{"rendered":"\n<p>HANSA-FLEX inspecte vos tuyaux industriels conform\u00e9ment \u00e0 la loi allemande sur la s\u00e9curit\u00e9 industrielle (BetrSichV). Nous effectuons des inspections sur site \u00e0 partir de nos v\u00e9hicules d&#8217;inspection mobiles ou dans nos centres d&#8217;excellence pour la technologie des tuyaux [KD1] [MUM2] . Nous inspectons les tuyaux fabriqu\u00e9s \u00e0 partir de divers mat\u00e9riaux utilis\u00e9s pour transporter des aliments, des produits chimiques, des produits pharmaceutiques et d&#8217;autres fluides.<\/p>\n","protected":false},"excerpt":{"rendered":"<p>HANSA-FLEX inspecte vos tuyaux industriels conform\u00e9ment \u00e0 la loi allemande sur la s\u00e9curit\u00e9 industrielle (BetrSichV). Nous effectuons des inspections sur site \u00e0 partir de nos v\u00e9hicules d&#8217;inspection mobiles ou dans nos centres d&#8217;excellence pour la technologie des tuyaux [KD1] [MUM2] . Nous inspectons les tuyaux fabriqu\u00e9s \u00e0 partir de divers mat\u00e9riaux utilis\u00e9s pour transporter des [&hellip;]<\/p>\n","protected":false},"author":3,"featured_media":13983,"parent":13958,"menu_order":0,"comment_status":"closed","ping_status":"closed","template":"","meta":{"_acf_changed":false,"footnotes":""},"class_list":["post-13982","page","type-page","status-publish","has-post-thumbnail","hentry"],"acf":[],"_links":{"self":[{"href":"https:\/\/hansa-flex.ch\/fr\/wp-json\/wp\/v2\/pages\/13982","targetHints":{"allow":["GET"]}}],"collection":[{"href":"https:\/\/hansa-flex.ch\/fr\/wp-json\/wp\/v2\/pages"}],"about":[{"href":"https:\/\/hansa-flex.ch\/fr\/wp-json\/wp\/v2\/types\/page"}],"author":[{"embeddable":true,"href":"https:\/\/hansa-flex.ch\/fr\/wp-json\/wp\/v2\/users\/3"}],"replies":[{"embeddable":true,"href":"https:\/\/hansa-flex.ch\/fr\/wp-json\/wp\/v2\/comments?post=13982"}],"version-history":[{"count":0,"href":"https:\/\/hansa-flex.ch\/fr\/wp-json\/wp\/v2\/pages\/13982\/revisions"}],"up":[{"embeddable":true,"href":"https:\/\/hansa-flex.ch\/fr\/wp-json\/wp\/v2\/pages\/13958"}],"wp:featuredmedia":[{"embeddable":true,"href":"https:\/\/hansa-flex.ch\/fr\/wp-json\/wp\/v2\/media\/13983"}],"wp:attachment":[{"href":"https:\/\/hansa-flex.ch\/fr\/wp-json\/wp\/v2\/media?parent=13982"}],"curies":[{"name":"wp","href":"https:\/\/api.w.org\/{rel}","templated":true}]}}