{"id":13991,"date":"2024-03-23T17:10:33","date_gmt":"2024-03-23T16:10:33","guid":{"rendered":"https:\/\/hansa-flex.ch\/services\/preventative-maintenance\/inspections\/lifting-platforms-and-loading-bridges\/"},"modified":"2024-05-14T00:04:06","modified_gmt":"2024-05-13T22:04:06","slug":"plates-formes-de-levage-et-ponts-de-chargement","status":"publish","type":"page","link":"https:\/\/hansa-flex.ch\/fr\/services\/maintenance-preventive\/inspection-preventives\/plates-formes-de-levage-et-ponts-de-chargement\/","title":{"rendered":"Plates-formes de levage et ponts de chargement"},"content":{"rendered":"\n<p>Les plates-formes \u00e9l\u00e9vatrices motoris\u00e9es et manuelles, les rampes de chantier et les passerelles de chargement doivent \u00eatre inspect\u00e9es au moins une fois par an par un expert comp\u00e9tent afin de s&#8217;assurer qu&#8217;elles sont en bon \u00e9tat. L&#8217;op\u00e9rateur est responsable de l&#8217;inspection. Les experts form\u00e9s de HANSA-FLEX effectuent les inspections r\u00e9guli\u00e8res prescrites pour cet \u00e9quipement conform\u00e9ment \u00e0 la DGUV, y compris la documentation conform\u00e9ment \u00e0 la loi allemande sur la s\u00e9curit\u00e9 industrielle (BetrSichV).<\/p>\n","protected":false},"excerpt":{"rendered":"<p>Les plates-formes \u00e9l\u00e9vatrices motoris\u00e9es et manuelles, les rampes de chantier et les passerelles de chargement doivent \u00eatre inspect\u00e9es au moins une fois par an par un expert comp\u00e9tent afin de s&#8217;assurer qu&#8217;elles sont en bon \u00e9tat. L&#8217;op\u00e9rateur est responsable de l&#8217;inspection. Les experts form\u00e9s de HANSA-FLEX effectuent les inspections r\u00e9guli\u00e8res prescrites pour cet \u00e9quipement conform\u00e9ment [&hellip;]<\/p>\n","protected":false},"author":3,"featured_media":13995,"parent":13958,"menu_order":0,"comment_status":"closed","ping_status":"closed","template":"","meta":{"_acf_changed":true,"footnotes":""},"class_list":["post-13991","page","type-page","status-publish","has-post-thumbnail","hentry"],"acf":[],"_links":{"self":[{"href":"https:\/\/hansa-flex.ch\/fr\/wp-json\/wp\/v2\/pages\/13991","targetHints":{"allow":["GET"]}}],"collection":[{"href":"https:\/\/hansa-flex.ch\/fr\/wp-json\/wp\/v2\/pages"}],"about":[{"href":"https:\/\/hansa-flex.ch\/fr\/wp-json\/wp\/v2\/types\/page"}],"author":[{"embeddable":true,"href":"https:\/\/hansa-flex.ch\/fr\/wp-json\/wp\/v2\/users\/3"}],"replies":[{"embeddable":true,"href":"https:\/\/hansa-flex.ch\/fr\/wp-json\/wp\/v2\/comments?post=13991"}],"version-history":[{"count":0,"href":"https:\/\/hansa-flex.ch\/fr\/wp-json\/wp\/v2\/pages\/13991\/revisions"}],"up":[{"embeddable":true,"href":"https:\/\/hansa-flex.ch\/fr\/wp-json\/wp\/v2\/pages\/13958"}],"wp:featuredmedia":[{"embeddable":true,"href":"https:\/\/hansa-flex.ch\/fr\/wp-json\/wp\/v2\/media\/13995"}],"wp:attachment":[{"href":"https:\/\/hansa-flex.ch\/fr\/wp-json\/wp\/v2\/media?parent=13991"}],"curies":[{"name":"wp","href":"https:\/\/api.w.org\/{rel}","templated":true}]}}