{"id":14006,"date":"2024-03-23T17:26:26","date_gmt":"2024-03-23T16:26:26","guid":{"rendered":"https:\/\/hansa-flex.ch\/services\/preventative-maintenance\/inspections\/pressure-accumulator-inspection\/"},"modified":"2024-05-14T02:33:27","modified_gmt":"2024-05-14T00:33:27","slug":"inspection-de-laccumulateur-de-pression","status":"publish","type":"page","link":"https:\/\/hansa-flex.ch\/fr\/services\/maintenance-preventive\/inspection-preventives\/inspection-de-laccumulateur-de-pression\/","title":{"rendered":"Inspection de l&#8217;accumulateur de pression"},"content":{"rendered":"\n<p>Les accumulateurs de pression font partie des syst\u00e8mes qui doivent \u00eatre surveill\u00e9s en vertu de la loi et doivent donc \u00eatre contr\u00f4l\u00e9s r\u00e9guli\u00e8rement par du personnel sp\u00e9cialis\u00e9 form\u00e9 et officiellement autoris\u00e9 conform\u00e9ment \u00e0 la loi allemande sur la s\u00e9curit\u00e9 industrielle (BetrSichV). En outre, une \u00e9valuation de la s\u00e9curit\u00e9 (\u00e9valuation des risques) doit \u00eatre r\u00e9alis\u00e9e afin de garantir un fonctionnement s\u00fbr des machines et des installations dot\u00e9es d&#8217;accumulateurs hydrauliques int\u00e9gr\u00e9s.<\/p>\n","protected":false},"excerpt":{"rendered":"<p>Les accumulateurs de pression font partie des syst\u00e8mes qui doivent \u00eatre surveill\u00e9s en vertu de la loi et doivent donc \u00eatre contr\u00f4l\u00e9s r\u00e9guli\u00e8rement par du personnel sp\u00e9cialis\u00e9 form\u00e9 et officiellement autoris\u00e9 conform\u00e9ment \u00e0 la loi allemande sur la s\u00e9curit\u00e9 industrielle (BetrSichV). En outre, une \u00e9valuation de la s\u00e9curit\u00e9 (\u00e9valuation des risques) doit \u00eatre r\u00e9alis\u00e9e afin [&hellip;]<\/p>\n","protected":false},"author":3,"featured_media":14007,"parent":13958,"menu_order":0,"comment_status":"closed","ping_status":"closed","template":"","meta":{"_acf_changed":true,"footnotes":""},"class_list":["post-14006","page","type-page","status-publish","has-post-thumbnail","hentry"],"acf":[],"_links":{"self":[{"href":"https:\/\/hansa-flex.ch\/fr\/wp-json\/wp\/v2\/pages\/14006","targetHints":{"allow":["GET"]}}],"collection":[{"href":"https:\/\/hansa-flex.ch\/fr\/wp-json\/wp\/v2\/pages"}],"about":[{"href":"https:\/\/hansa-flex.ch\/fr\/wp-json\/wp\/v2\/types\/page"}],"author":[{"embeddable":true,"href":"https:\/\/hansa-flex.ch\/fr\/wp-json\/wp\/v2\/users\/3"}],"replies":[{"embeddable":true,"href":"https:\/\/hansa-flex.ch\/fr\/wp-json\/wp\/v2\/comments?post=14006"}],"version-history":[{"count":0,"href":"https:\/\/hansa-flex.ch\/fr\/wp-json\/wp\/v2\/pages\/14006\/revisions"}],"up":[{"embeddable":true,"href":"https:\/\/hansa-flex.ch\/fr\/wp-json\/wp\/v2\/pages\/13958"}],"wp:featuredmedia":[{"embeddable":true,"href":"https:\/\/hansa-flex.ch\/fr\/wp-json\/wp\/v2\/media\/14007"}],"wp:attachment":[{"href":"https:\/\/hansa-flex.ch\/fr\/wp-json\/wp\/v2\/media?parent=14006"}],"curies":[{"name":"wp","href":"https:\/\/api.w.org\/{rel}","templated":true}]}}