{"id":14029,"date":"2024-03-25T16:23:59","date_gmt":"2024-03-25T15:23:59","guid":{"rendered":"https:\/\/hansa-flex.ch\/services\/production\/customised-assembly\/"},"modified":"2024-05-14T02:50:18","modified_gmt":"2024-05-14T00:50:18","slug":"assemblage-sur-mesure","status":"publish","type":"page","link":"https:\/\/hansa-flex.ch\/fr\/services\/production\/assemblage-sur-mesure\/","title":{"rendered":"Assemblage sur mesure"},"content":{"rendered":"\n<p>Nous pr\u00e9montons des conduites hydrauliques personnalis\u00e9es \u00e0 partir d&#8217;\u00e9chantillons et en fonction des exigences sp\u00e9cifiques du client pour des applications \u00e0 basse, moyenne et haute pression, ainsi que les raccords correspondants dans nos succursales. Nos sp\u00e9cialistes des tuyaux gardent toujours \u00e0 l&#8217;esprit la s\u00e9curit\u00e9 des personnes et de l&#8217;environnement lors de la s\u00e9lection des mat\u00e9riaux et de la m\u00e9thode d&#8217;assemblage du tuyau au raccord. Quels que soient vos besoins, nous pouvons vous conseiller et fabriquer une ligne de tuyaux adapt\u00e9e.<\/p>\n","protected":false},"excerpt":{"rendered":"<p>Nous pr\u00e9montons des conduites hydrauliques personnalis\u00e9es \u00e0 partir d&#8217;\u00e9chantillons et en fonction des exigences sp\u00e9cifiques du client pour des applications \u00e0 basse, moyenne et haute pression, ainsi que les raccords correspondants dans nos succursales. Nos sp\u00e9cialistes des tuyaux gardent toujours \u00e0 l&#8217;esprit la s\u00e9curit\u00e9 des personnes et de l&#8217;environnement lors de la s\u00e9lection des mat\u00e9riaux [&hellip;]<\/p>\n","protected":false},"author":3,"featured_media":14031,"parent":14018,"menu_order":0,"comment_status":"closed","ping_status":"closed","template":"","meta":{"_acf_changed":true,"footnotes":""},"class_list":["post-14029","page","type-page","status-publish","has-post-thumbnail","hentry"],"acf":[],"_links":{"self":[{"href":"https:\/\/hansa-flex.ch\/fr\/wp-json\/wp\/v2\/pages\/14029","targetHints":{"allow":["GET"]}}],"collection":[{"href":"https:\/\/hansa-flex.ch\/fr\/wp-json\/wp\/v2\/pages"}],"about":[{"href":"https:\/\/hansa-flex.ch\/fr\/wp-json\/wp\/v2\/types\/page"}],"author":[{"embeddable":true,"href":"https:\/\/hansa-flex.ch\/fr\/wp-json\/wp\/v2\/users\/3"}],"replies":[{"embeddable":true,"href":"https:\/\/hansa-flex.ch\/fr\/wp-json\/wp\/v2\/comments?post=14029"}],"version-history":[{"count":0,"href":"https:\/\/hansa-flex.ch\/fr\/wp-json\/wp\/v2\/pages\/14029\/revisions"}],"up":[{"embeddable":true,"href":"https:\/\/hansa-flex.ch\/fr\/wp-json\/wp\/v2\/pages\/14018"}],"wp:featuredmedia":[{"embeddable":true,"href":"https:\/\/hansa-flex.ch\/fr\/wp-json\/wp\/v2\/media\/14031"}],"wp:attachment":[{"href":"https:\/\/hansa-flex.ch\/fr\/wp-json\/wp\/v2\/media?parent=14029"}],"curies":[{"name":"wp","href":"https:\/\/api.w.org\/{rel}","templated":true}]}}