{"id":14043,"date":"2024-03-25T16:06:05","date_gmt":"2024-03-25T15:06:05","guid":{"rendered":"https:\/\/hansa-flex.ch\/services\/production\/series-production\/"},"modified":"2024-04-30T20:36:38","modified_gmt":"2024-04-30T18:36:38","slug":"production-en-serie","status":"publish","type":"page","link":"https:\/\/hansa-flex.ch\/fr\/services\/production\/production-en-serie\/","title":{"rendered":"Production en s\u00e9rie"},"content":{"rendered":"\n<p>Notre site central de production de s\u00e9ries de tuyaux \u00e0 Br\u00eame et notre centre de cintrage de tuyaux \u00e0 Sch\u00f6nebeck livrent chaque mois aux OEM des dizaines de milliers d&#8217;articles, y compris des tuyaux haute pression, PTFE et industriels pr\u00eats \u00e0 \u00eatre install\u00e9s, fabriqu\u00e9s sur mesure et en petits ou grands lots.<\/p>\n","protected":false},"excerpt":{"rendered":"<p>Notre site central de production de s\u00e9ries de tuyaux \u00e0 Br\u00eame et notre centre de cintrage de tuyaux \u00e0 Sch\u00f6nebeck livrent chaque mois aux OEM des dizaines de milliers d&#8217;articles, y compris des tuyaux haute pression, PTFE et industriels pr\u00eats \u00e0 \u00eatre install\u00e9s, fabriqu\u00e9s sur mesure et en petits ou grands lots.<\/p>\n","protected":false},"author":3,"featured_media":14044,"parent":14018,"menu_order":0,"comment_status":"closed","ping_status":"closed","template":"","meta":{"_acf_changed":true,"footnotes":""},"class_list":["post-14043","page","type-page","status-publish","has-post-thumbnail","hentry"],"acf":[],"_links":{"self":[{"href":"https:\/\/hansa-flex.ch\/fr\/wp-json\/wp\/v2\/pages\/14043","targetHints":{"allow":["GET"]}}],"collection":[{"href":"https:\/\/hansa-flex.ch\/fr\/wp-json\/wp\/v2\/pages"}],"about":[{"href":"https:\/\/hansa-flex.ch\/fr\/wp-json\/wp\/v2\/types\/page"}],"author":[{"embeddable":true,"href":"https:\/\/hansa-flex.ch\/fr\/wp-json\/wp\/v2\/users\/3"}],"replies":[{"embeddable":true,"href":"https:\/\/hansa-flex.ch\/fr\/wp-json\/wp\/v2\/comments?post=14043"}],"version-history":[{"count":0,"href":"https:\/\/hansa-flex.ch\/fr\/wp-json\/wp\/v2\/pages\/14043\/revisions"}],"up":[{"embeddable":true,"href":"https:\/\/hansa-flex.ch\/fr\/wp-json\/wp\/v2\/pages\/14018"}],"wp:featuredmedia":[{"embeddable":true,"href":"https:\/\/hansa-flex.ch\/fr\/wp-json\/wp\/v2\/media\/14044"}],"wp:attachment":[{"href":"https:\/\/hansa-flex.ch\/fr\/wp-json\/wp\/v2\/media?parent=14043"}],"curies":[{"name":"wp","href":"https:\/\/api.w.org\/{rel}","templated":true}]}}