{"id":14055,"date":"2024-03-25T10:37:35","date_gmt":"2024-03-25T09:37:35","guid":{"rendered":"https:\/\/hansa-flex.ch\/services\/repair-and-overhaul\/"},"modified":"2024-05-14T17:41:38","modified_gmt":"2024-05-14T15:41:38","slug":"reparation-et-revision","status":"publish","type":"page","link":"https:\/\/hansa-flex.ch\/fr\/services\/reparation-et-revision\/","title":{"rendered":"R\u00e9paration et r\u00e9vision"},"content":{"rendered":"\n<p>Les syst\u00e8mes hydrauliques sont continuellement sollicit\u00e9s et leurs composants finissent donc par s&#8217;user. Si cette usure n&#8217;est pas d\u00e9tect\u00e9e \u00e0 temps, elle peut entra\u00eener une d\u00e9faillance compl\u00e8te du syst\u00e8me hydraulique. Gr\u00e2ce aux r\u00e9parations et \u00e0 l&#8217;entretien professionnels de HANSA-FLEX, vos machines et installations sont \u00e0 nouveau op\u00e9rationnelles en un rien de temps. Nous vous assistons \u00e9galement dans l&#8217;analyse des syst\u00e8mes afin de d\u00e9tecter \u00e0 temps les dommages \u00e9ventuels et d&#8217;\u00e9viter les temps d&#8217;arr\u00eat non planifi\u00e9s.<\/p>\n","protected":false},"excerpt":{"rendered":"<p>Les syst\u00e8mes hydrauliques sont continuellement sollicit\u00e9s et leurs composants finissent donc par s&#8217;user. Si cette usure n&#8217;est pas d\u00e9tect\u00e9e \u00e0 temps, elle peut entra\u00eener une d\u00e9faillance compl\u00e8te du syst\u00e8me hydraulique. Gr\u00e2ce aux r\u00e9parations et \u00e0 l&#8217;entretien professionnels de HANSA-FLEX, vos machines et installations sont \u00e0 nouveau op\u00e9rationnelles en un rien de temps. Nous vous assistons [&hellip;]<\/p>\n","protected":false},"author":3,"featured_media":14056,"parent":13615,"menu_order":0,"comment_status":"closed","ping_status":"closed","template":"","meta":{"_acf_changed":true,"footnotes":""},"class_list":["post-14055","page","type-page","status-publish","has-post-thumbnail","hentry"],"acf":[],"_links":{"self":[{"href":"https:\/\/hansa-flex.ch\/fr\/wp-json\/wp\/v2\/pages\/14055","targetHints":{"allow":["GET"]}}],"collection":[{"href":"https:\/\/hansa-flex.ch\/fr\/wp-json\/wp\/v2\/pages"}],"about":[{"href":"https:\/\/hansa-flex.ch\/fr\/wp-json\/wp\/v2\/types\/page"}],"author":[{"embeddable":true,"href":"https:\/\/hansa-flex.ch\/fr\/wp-json\/wp\/v2\/users\/3"}],"replies":[{"embeddable":true,"href":"https:\/\/hansa-flex.ch\/fr\/wp-json\/wp\/v2\/comments?post=14055"}],"version-history":[{"count":0,"href":"https:\/\/hansa-flex.ch\/fr\/wp-json\/wp\/v2\/pages\/14055\/revisions"}],"up":[{"embeddable":true,"href":"https:\/\/hansa-flex.ch\/fr\/wp-json\/wp\/v2\/pages\/13615"}],"wp:featuredmedia":[{"embeddable":true,"href":"https:\/\/hansa-flex.ch\/fr\/wp-json\/wp\/v2\/media\/14056"}],"wp:attachment":[{"href":"https:\/\/hansa-flex.ch\/fr\/wp-json\/wp\/v2\/media?parent=14055"}],"curies":[{"name":"wp","href":"https:\/\/api.w.org\/{rel}","templated":true}]}}