{"id":14067,"date":"2024-03-25T10:50:01","date_gmt":"2024-03-25T09:50:01","guid":{"rendered":"https:\/\/hansa-flex.ch\/services\/repair-and-overhaul\/hydraulic-cylinder-repair\/"},"modified":"2024-05-14T17:43:17","modified_gmt":"2024-05-14T15:43:17","slug":"reparation-des-cylindres-hydrauliques","status":"publish","type":"page","link":"https:\/\/hansa-flex.ch\/fr\/services\/reparation-et-revision\/reparation-des-cylindres-hydrauliques\/","title":{"rendered":"R\u00e9paration des cylindres hydrauliques"},"content":{"rendered":"\n<p>Les v\u00e9rins hydrauliques sont soumis \u00e0 des contraintes extr\u00eames en raison de leur extension et de leur r\u00e9traction permanentes. Il en r\u00e9sulte une usure qui expose l&#8217;ensemble du processus de travail \u00e0 un risque de d\u00e9faillance. La r\u00e9vision d&#8217;un cylindre est une bonne alternative \u00e0 l&#8217;achat d&#8217;un nouveau cylindre. Le centre de r\u00e9paration de v\u00e9rins HANSA-FLEX r\u00e9pare les v\u00e9rins hydrauliques de toutes tailles et de tous fabricants, les pompes hydrauliques, les vannes, les unit\u00e9s de puissance et les moteurs, rapidement et avec un minimum de temps d&#8217;arr\u00eat.<\/p>\n","protected":false},"excerpt":{"rendered":"<p>Les v\u00e9rins hydrauliques sont soumis \u00e0 des contraintes extr\u00eames en raison de leur extension et de leur r\u00e9traction permanentes. Il en r\u00e9sulte une usure qui expose l&#8217;ensemble du processus de travail \u00e0 un risque de d\u00e9faillance. La r\u00e9vision d&#8217;un cylindre est une bonne alternative \u00e0 l&#8217;achat d&#8217;un nouveau cylindre. Le centre de r\u00e9paration de v\u00e9rins [&hellip;]<\/p>\n","protected":false},"author":3,"featured_media":14068,"parent":14055,"menu_order":0,"comment_status":"closed","ping_status":"closed","template":"","meta":{"_acf_changed":true,"footnotes":""},"class_list":["post-14067","page","type-page","status-publish","has-post-thumbnail","hentry"],"acf":[],"_links":{"self":[{"href":"https:\/\/hansa-flex.ch\/fr\/wp-json\/wp\/v2\/pages\/14067","targetHints":{"allow":["GET"]}}],"collection":[{"href":"https:\/\/hansa-flex.ch\/fr\/wp-json\/wp\/v2\/pages"}],"about":[{"href":"https:\/\/hansa-flex.ch\/fr\/wp-json\/wp\/v2\/types\/page"}],"author":[{"embeddable":true,"href":"https:\/\/hansa-flex.ch\/fr\/wp-json\/wp\/v2\/users\/3"}],"replies":[{"embeddable":true,"href":"https:\/\/hansa-flex.ch\/fr\/wp-json\/wp\/v2\/comments?post=14067"}],"version-history":[{"count":0,"href":"https:\/\/hansa-flex.ch\/fr\/wp-json\/wp\/v2\/pages\/14067\/revisions"}],"up":[{"embeddable":true,"href":"https:\/\/hansa-flex.ch\/fr\/wp-json\/wp\/v2\/pages\/14055"}],"wp:featuredmedia":[{"embeddable":true,"href":"https:\/\/hansa-flex.ch\/fr\/wp-json\/wp\/v2\/media\/14068"}],"wp:attachment":[{"href":"https:\/\/hansa-flex.ch\/fr\/wp-json\/wp\/v2\/media?parent=14067"}],"curies":[{"name":"wp","href":"https:\/\/api.w.org\/{rel}","templated":true}]}}