{"id":14077,"date":"2024-03-25T11:02:19","date_gmt":"2024-03-25T10:02:19","guid":{"rendered":"https:\/\/hansa-flex.ch\/services\/repair-and-overhaul\/pressure-accumulators-and-associated-systems\/"},"modified":"2024-05-30T21:41:21","modified_gmt":"2024-05-30T19:41:21","slug":"accumulateurs-de-pression-et-systemes-associes","status":"publish","type":"page","link":"https:\/\/hansa-flex.ch\/fr\/services\/reparation-et-revision\/accumulateurs-de-pression-et-systemes-associes\/","title":{"rendered":"Accumulateurs de pression et syst\u00e8mes associ\u00e9s"},"content":{"rendered":"\n<p>Le fonctionnement s\u00fbr et fiable des syst\u00e8mes d&#8217;accumulateurs de pression d\u00e9pend d&#8217;un entretien r\u00e9gulier comprenant des contr\u00f4les du niveau de remplissage et de la pression de la charge de gaz. L&#8217;entretien et la r\u00e9paration des accumulateurs de pression n\u00e9cessitent des connaissances particuli\u00e8res. C&#8217;est pourquoi seules les personnes officiellement autoris\u00e9es pour les \u00e9quipements sous pression, conform\u00e9ment \u00e0 la directive europ\u00e9enne sur les \u00e9quipements sous pression et \u00e0 la loi allemande sur la sant\u00e9 et la s\u00e9curit\u00e9 au travail, sont habilit\u00e9es \u00e0 effectuer ce travail.<\/p>\n","protected":false},"excerpt":{"rendered":"<p>Le fonctionnement s\u00fbr et fiable des syst\u00e8mes d&#8217;accumulateurs de pression d\u00e9pend d&#8217;un entretien r\u00e9gulier comprenant des contr\u00f4les du niveau de remplissage et de la pression de la charge de gaz. L&#8217;entretien et la r\u00e9paration des accumulateurs de pression n\u00e9cessitent des connaissances particuli\u00e8res. C&#8217;est pourquoi seules les personnes officiellement autoris\u00e9es pour les \u00e9quipements sous pression, conform\u00e9ment [&hellip;]<\/p>\n","protected":false},"author":3,"featured_media":14078,"parent":14055,"menu_order":0,"comment_status":"closed","ping_status":"closed","template":"","meta":{"_acf_changed":true,"footnotes":""},"class_list":["post-14077","page","type-page","status-publish","has-post-thumbnail","hentry"],"acf":[],"_links":{"self":[{"href":"https:\/\/hansa-flex.ch\/fr\/wp-json\/wp\/v2\/pages\/14077","targetHints":{"allow":["GET"]}}],"collection":[{"href":"https:\/\/hansa-flex.ch\/fr\/wp-json\/wp\/v2\/pages"}],"about":[{"href":"https:\/\/hansa-flex.ch\/fr\/wp-json\/wp\/v2\/types\/page"}],"author":[{"embeddable":true,"href":"https:\/\/hansa-flex.ch\/fr\/wp-json\/wp\/v2\/users\/3"}],"replies":[{"embeddable":true,"href":"https:\/\/hansa-flex.ch\/fr\/wp-json\/wp\/v2\/comments?post=14077"}],"version-history":[{"count":0,"href":"https:\/\/hansa-flex.ch\/fr\/wp-json\/wp\/v2\/pages\/14077\/revisions"}],"up":[{"embeddable":true,"href":"https:\/\/hansa-flex.ch\/fr\/wp-json\/wp\/v2\/pages\/14055"}],"wp:featuredmedia":[{"embeddable":true,"href":"https:\/\/hansa-flex.ch\/fr\/wp-json\/wp\/v2\/media\/14078"}],"wp:attachment":[{"href":"https:\/\/hansa-flex.ch\/fr\/wp-json\/wp\/v2\/media?parent=14077"}],"curies":[{"name":"wp","href":"https:\/\/api.w.org\/{rel}","templated":true}]}}