{"id":14088,"date":"2024-03-25T17:47:39","date_gmt":"2024-03-25T16:47:39","guid":{"rendered":"https:\/\/hansa-flex.ch\/services\/training-and-seminars\/"},"modified":"2024-05-14T02:06:57","modified_gmt":"2024-05-14T00:06:57","slug":"formation-et-seminaires","status":"publish","type":"page","link":"https:\/\/hansa-flex.ch\/fr\/services\/formation-et-seminaires\/","title":{"rendered":"Formation et s\u00e9minaires"},"content":{"rendered":"\n<p>La formation est le meilleur moyen de lutter contre la p\u00e9nurie de personnel qualifi\u00e9 HANSA-FLEX utilise le transfert actif de connaissances des sp\u00e9cialistes exp\u00e9riment\u00e9s vers les apprentis, les employ\u00e9s et les clients. HANSA-FLEX propose des formations dans le domaine de la technologie des fluides et des conduites, ainsi que des programmes de formation pour les sp\u00e9cialistes de l&#8217;hydraulique, qu&#8217;elle dispense en collaboration avec son partenaire, l&#8217;International Hydraulics Academy (IHA).<\/p>\n","protected":false},"excerpt":{"rendered":"<p>La formation est le meilleur moyen de lutter contre la p\u00e9nurie de personnel qualifi\u00e9 HANSA-FLEX utilise le transfert actif de connaissances des sp\u00e9cialistes exp\u00e9riment\u00e9s vers les apprentis, les employ\u00e9s et les clients. HANSA-FLEX propose des formations dans le domaine de la technologie des fluides et des conduites, ainsi que des programmes de formation pour les [&hellip;]<\/p>\n","protected":false},"author":3,"featured_media":14089,"parent":13615,"menu_order":0,"comment_status":"closed","ping_status":"closed","template":"","meta":{"_acf_changed":true,"footnotes":""},"class_list":["post-14088","page","type-page","status-publish","has-post-thumbnail","hentry"],"acf":[],"_links":{"self":[{"href":"https:\/\/hansa-flex.ch\/fr\/wp-json\/wp\/v2\/pages\/14088","targetHints":{"allow":["GET"]}}],"collection":[{"href":"https:\/\/hansa-flex.ch\/fr\/wp-json\/wp\/v2\/pages"}],"about":[{"href":"https:\/\/hansa-flex.ch\/fr\/wp-json\/wp\/v2\/types\/page"}],"author":[{"embeddable":true,"href":"https:\/\/hansa-flex.ch\/fr\/wp-json\/wp\/v2\/users\/3"}],"replies":[{"embeddable":true,"href":"https:\/\/hansa-flex.ch\/fr\/wp-json\/wp\/v2\/comments?post=14088"}],"version-history":[{"count":0,"href":"https:\/\/hansa-flex.ch\/fr\/wp-json\/wp\/v2\/pages\/14088\/revisions"}],"up":[{"embeddable":true,"href":"https:\/\/hansa-flex.ch\/fr\/wp-json\/wp\/v2\/pages\/13615"}],"wp:featuredmedia":[{"embeddable":true,"href":"https:\/\/hansa-flex.ch\/fr\/wp-json\/wp\/v2\/media\/14089"}],"wp:attachment":[{"href":"https:\/\/hansa-flex.ch\/fr\/wp-json\/wp\/v2\/media?parent=14088"}],"curies":[{"name":"wp","href":"https:\/\/api.w.org\/{rel}","templated":true}]}}