{"id":12587,"date":"2024-03-26T11:40:45","date_gmt":"2024-03-26T10:40:45","guid":{"rendered":"https:\/\/hansa-flex.ch\/careers\/working-at-hansa-flex\/"},"modified":"2024-05-11T19:57:28","modified_gmt":"2024-05-11T17:57:28","slug":"lavorare-in-hansa-flex","status":"publish","type":"page","link":"https:\/\/hansa-flex.ch\/it\/carriera\/lavorare-in-hansa-flex\/","title":{"rendered":"Lavorare in HANSA-FLEX"},"content":{"rendered":"\n<p>In qualit\u00e0 di azienda familiare di successo a livello internazionale, fare in modo che tutti si sentano a casa lavorando in HANSA-FLEX \u00e8 una delle nostre principali priorit\u00e0. Volete saperne di pi\u00f9 su cosa offriamo e su chi sono i vostri colleghi? Siete gi\u00e0 alla ricerca di una nuova sfida in una delle nostre sedi all&#8217;estero? Date un&#8217;occhiata alle vostre possibilit\u00e0.<\/p>\n","protected":false},"excerpt":{"rendered":"<p>In qualit\u00e0 di azienda familiare di successo a livello internazionale, fare in modo che tutti si sentano a casa lavorando in HANSA-FLEX \u00e8 una delle nostre principali priorit\u00e0. Volete saperne di pi\u00f9 su cosa offriamo e su chi sono i vostri colleghi? Siete gi\u00e0 alla ricerca di una nuova sfida in una delle nostre sedi [&hellip;]<\/p>\n","protected":false},"author":3,"featured_media":12588,"parent":12372,"menu_order":0,"comment_status":"closed","ping_status":"closed","template":"","meta":{"_acf_changed":true,"footnotes":""},"class_list":["post-12587","page","type-page","status-publish","has-post-thumbnail","hentry"],"acf":[],"_links":{"self":[{"href":"https:\/\/hansa-flex.ch\/it\/wp-json\/wp\/v2\/pages\/12587","targetHints":{"allow":["GET"]}}],"collection":[{"href":"https:\/\/hansa-flex.ch\/it\/wp-json\/wp\/v2\/pages"}],"about":[{"href":"https:\/\/hansa-flex.ch\/it\/wp-json\/wp\/v2\/types\/page"}],"author":[{"embeddable":true,"href":"https:\/\/hansa-flex.ch\/it\/wp-json\/wp\/v2\/users\/3"}],"replies":[{"embeddable":true,"href":"https:\/\/hansa-flex.ch\/it\/wp-json\/wp\/v2\/comments?post=12587"}],"version-history":[{"count":0,"href":"https:\/\/hansa-flex.ch\/it\/wp-json\/wp\/v2\/pages\/12587\/revisions"}],"up":[{"embeddable":true,"href":"https:\/\/hansa-flex.ch\/it\/wp-json\/wp\/v2\/pages\/12372"}],"wp:featuredmedia":[{"embeddable":true,"href":"https:\/\/hansa-flex.ch\/it\/wp-json\/wp\/v2\/media\/12588"}],"wp:attachment":[{"href":"https:\/\/hansa-flex.ch\/it\/wp-json\/wp\/v2\/media?parent=12587"}],"curies":[{"name":"wp","href":"https:\/\/api.w.org\/{rel}","templated":true}]}}