{"id":12615,"date":"2024-03-10T21:13:14","date_gmt":"2024-03-10T20:13:14","guid":{"rendered":"https:\/\/hansa-flex.ch\/company\/60-years-of-hansa-flex\/"},"modified":"2024-05-11T20:16:04","modified_gmt":"2024-05-11T18:16:04","slug":"60-anni-di-hansa-flex","status":"publish","type":"page","link":"https:\/\/hansa-flex.ch\/it\/azienda\/60-anni-di-hansa-flex\/","title":{"rendered":"60 anni di HANSA-FLEX"},"content":{"rendered":"\n<p>Joachim Armerding, imprenditore di Brema, fond\u00f2 l&#8217;azienda HANSA-FLEX 60 anni fa nel garage della sua casa vicino a Brema. Il suo concetto aziendale era tempestivo, il suo motto semplice quanto geniale: soddisfare i desideri dei clienti in modo pi\u00f9 rapido, pi\u00f9 flessibile e pi\u00f9 completo di tutti i concorrenti, senza mai dimenticare il lato umano e il piacere del lavoro. HANSA-FLEX \u00e8 cresciuta con questa passione, che \u00e8 evidente oggi come allora.<\/p>\n","protected":false},"excerpt":{"rendered":"<p>Joachim Armerding, imprenditore di Brema, fond\u00f2 l&#8217;azienda HANSA-FLEX 60 anni fa nel garage della sua casa vicino a Brema. Il suo concetto aziendale era tempestivo, il suo motto semplice quanto geniale: soddisfare i desideri dei clienti in modo pi\u00f9 rapido, pi\u00f9 flessibile e pi\u00f9 completo di tutti i concorrenti, senza mai dimenticare il lato umano [&hellip;]<\/p>\n","protected":false},"author":1,"featured_media":12619,"parent":22310,"menu_order":0,"comment_status":"closed","ping_status":"closed","template":"","meta":{"_acf_changed":true,"footnotes":""},"class_list":["post-12615","page","type-page","status-publish","has-post-thumbnail","hentry"],"acf":[],"_links":{"self":[{"href":"https:\/\/hansa-flex.ch\/it\/wp-json\/wp\/v2\/pages\/12615","targetHints":{"allow":["GET"]}}],"collection":[{"href":"https:\/\/hansa-flex.ch\/it\/wp-json\/wp\/v2\/pages"}],"about":[{"href":"https:\/\/hansa-flex.ch\/it\/wp-json\/wp\/v2\/types\/page"}],"author":[{"embeddable":true,"href":"https:\/\/hansa-flex.ch\/it\/wp-json\/wp\/v2\/users\/1"}],"replies":[{"embeddable":true,"href":"https:\/\/hansa-flex.ch\/it\/wp-json\/wp\/v2\/comments?post=12615"}],"version-history":[{"count":0,"href":"https:\/\/hansa-flex.ch\/it\/wp-json\/wp\/v2\/pages\/12615\/revisions"}],"up":[{"embeddable":true,"href":"https:\/\/hansa-flex.ch\/it\/wp-json\/wp\/v2\/pages\/22310"}],"wp:featuredmedia":[{"embeddable":true,"href":"https:\/\/hansa-flex.ch\/it\/wp-json\/wp\/v2\/media\/12619"}],"wp:attachment":[{"href":"https:\/\/hansa-flex.ch\/it\/wp-json\/wp\/v2\/media?parent=12615"}],"curies":[{"name":"wp","href":"https:\/\/api.w.org\/{rel}","templated":true}]}}