{"id":12683,"date":"2024-03-10T17:52:17","date_gmt":"2024-03-10T16:52:17","guid":{"rendered":"https:\/\/hansa-flex.ch\/company\/news\/"},"modified":"2024-05-11T20:24:16","modified_gmt":"2024-05-11T18:24:16","slug":"notizie","status":"publish","type":"page","link":"https:\/\/hansa-flex.ch\/it\/azienda\/notizie\/","title":{"rendered":"Notizie"},"content":{"rendered":"\n<p>HANSA-FLEX \u00e8 una societ\u00e0 per azioni (AG) a conduzione familiare con attivit\u00e0 globali e sede centrale a Brema. Siamo uno dei fornitori leader a livello mondiale di prodotti, servizi e soluzioni globali per l&#8217;oleodinamica. Con oltre 4.200 dipendenti in pi\u00f9 di 445 sedi, ci impegniamo ogni giorno per essere il miglior partner e fornitore di servizi per i nostri clienti.<\/p>\n","protected":false},"excerpt":{"rendered":"<p>HANSA-FLEX \u00e8 una societ\u00e0 per azioni (AG) a conduzione familiare con attivit\u00e0 globali e sede centrale a Brema. Siamo uno dei fornitori leader a livello mondiale di prodotti, servizi e soluzioni globali per l&#8217;oleodinamica. Con oltre 4.200 dipendenti in pi\u00f9 di 445 sedi, ci impegniamo ogni giorno per essere il miglior partner e fornitore di [&hellip;]<\/p>\n","protected":false},"author":1,"featured_media":12685,"parent":22310,"menu_order":0,"comment_status":"closed","ping_status":"closed","template":"","meta":{"_acf_changed":true,"footnotes":""},"class_list":["post-12683","page","type-page","status-publish","has-post-thumbnail","hentry"],"acf":[],"_links":{"self":[{"href":"https:\/\/hansa-flex.ch\/it\/wp-json\/wp\/v2\/pages\/12683","targetHints":{"allow":["GET"]}}],"collection":[{"href":"https:\/\/hansa-flex.ch\/it\/wp-json\/wp\/v2\/pages"}],"about":[{"href":"https:\/\/hansa-flex.ch\/it\/wp-json\/wp\/v2\/types\/page"}],"author":[{"embeddable":true,"href":"https:\/\/hansa-flex.ch\/it\/wp-json\/wp\/v2\/users\/1"}],"replies":[{"embeddable":true,"href":"https:\/\/hansa-flex.ch\/it\/wp-json\/wp\/v2\/comments?post=12683"}],"version-history":[{"count":0,"href":"https:\/\/hansa-flex.ch\/it\/wp-json\/wp\/v2\/pages\/12683\/revisions"}],"up":[{"embeddable":true,"href":"https:\/\/hansa-flex.ch\/it\/wp-json\/wp\/v2\/pages\/22310"}],"wp:featuredmedia":[{"embeddable":true,"href":"https:\/\/hansa-flex.ch\/it\/wp-json\/wp\/v2\/media\/12685"}],"wp:attachment":[{"href":"https:\/\/hansa-flex.ch\/it\/wp-json\/wp\/v2\/media?parent=12683"}],"curies":[{"name":"wp","href":"https:\/\/api.w.org\/{rel}","templated":true}]}}