{"id":12779,"date":"2024-03-10T20:25:58","date_gmt":"2024-03-10T19:25:58","guid":{"rendered":"https:\/\/hansa-flex.ch\/company\/references\/maritime-industry\/"},"modified":"2024-05-11T20:32:23","modified_gmt":"2024-05-11T18:32:23","slug":"economia-marittima","status":"publish","type":"page","link":"https:\/\/hansa-flex.ch\/it\/azienda\/riferimenti\/economia-marittima\/","title":{"rendered":"Economia marittima"},"content":{"rendered":"\n<p>Negli ambienti marittimi, i componenti oleodinamici sono sottoposti a sollecitazioni particolarmente elevate dovute a sole, pioggia e acqua salata. HANSA-FLEX offre un&#8217;ampia gamma di prodotti che si adattano alle condizioni pi\u00f9 difficili e soddisfano le specifiche delle societ\u00e0 di classificazione. In qualit\u00e0 di partner di servizio, supportiamo i nostri clienti con l&#8217;installazione, la manutenzione e l&#8217;assistenza. Per saperne di pi\u00f9 sul lavoro dei nostri dipendenti su coste, fiumi e mare.<\/p>\n","protected":false},"excerpt":{"rendered":"<p>Negli ambienti marittimi, i componenti oleodinamici sono sottoposti a sollecitazioni particolarmente elevate dovute a sole, pioggia e acqua salata. HANSA-FLEX offre un&#8217;ampia gamma di prodotti che si adattano alle condizioni pi\u00f9 difficili e soddisfano le specifiche delle societ\u00e0 di classificazione. In qualit\u00e0 di partner di servizio, supportiamo i nostri clienti con l&#8217;installazione, la manutenzione e [&hellip;]<\/p>\n","protected":false},"author":1,"featured_media":12780,"parent":12696,"menu_order":1,"comment_status":"closed","ping_status":"closed","template":"","meta":{"_acf_changed":true,"footnotes":""},"class_list":["post-12779","page","type-page","status-publish","has-post-thumbnail","hentry"],"acf":[],"_links":{"self":[{"href":"https:\/\/hansa-flex.ch\/it\/wp-json\/wp\/v2\/pages\/12779","targetHints":{"allow":["GET"]}}],"collection":[{"href":"https:\/\/hansa-flex.ch\/it\/wp-json\/wp\/v2\/pages"}],"about":[{"href":"https:\/\/hansa-flex.ch\/it\/wp-json\/wp\/v2\/types\/page"}],"author":[{"embeddable":true,"href":"https:\/\/hansa-flex.ch\/it\/wp-json\/wp\/v2\/users\/1"}],"replies":[{"embeddable":true,"href":"https:\/\/hansa-flex.ch\/it\/wp-json\/wp\/v2\/comments?post=12779"}],"version-history":[{"count":0,"href":"https:\/\/hansa-flex.ch\/it\/wp-json\/wp\/v2\/pages\/12779\/revisions"}],"up":[{"embeddable":true,"href":"https:\/\/hansa-flex.ch\/it\/wp-json\/wp\/v2\/pages\/12696"}],"wp:featuredmedia":[{"embeddable":true,"href":"https:\/\/hansa-flex.ch\/it\/wp-json\/wp\/v2\/media\/12780"}],"wp:attachment":[{"href":"https:\/\/hansa-flex.ch\/it\/wp-json\/wp\/v2\/media?parent=12779"}],"curies":[{"name":"wp","href":"https:\/\/api.w.org\/{rel}","templated":true}]}}