{"id":12884,"date":"2024-03-10T13:17:32","date_gmt":"2024-03-10T12:17:32","guid":{"rendered":"https:\/\/hansa-flex.ch\/company\/management\/"},"modified":"2026-04-03T13:03:53","modified_gmt":"2026-04-03T11:03:53","slug":"gestione","status":"publish","type":"page","link":"https:\/\/hansa-flex.ch\/it\/azienda\/gestione\/","title":{"rendered":"Gestione"},"content":{"rendered":"\n<p>Il nome HANSA-FLEX \u00e8 sinonimo di qualit\u00e0 e innovazione dal 1962. Anche se \u00e8 un&#8217;azienda attiva a livello globale, con un&#8217;espansione mondiale e un portafoglio prodotti sempre pi\u00f9 ampio, HANSA-FLEX \u00e8 e sar\u00e0 sempre un&#8217;azienda familiare. La gestione strategica dell&#8217;azienda \u00e8 affidata a un consiglio di amministrazione di tre membri, guidato da Thomas Armerding, figlio del fondatore dell&#8217;azienda, Joachim Armerding.<\/p>\n","protected":false},"excerpt":{"rendered":"<p>Il nome HANSA-FLEX \u00e8 sinonimo di qualit\u00e0 e innovazione dal 1962. Anche se \u00e8 un&#8217;azienda attiva a livello globale, con un&#8217;espansione mondiale e un portafoglio prodotti sempre pi\u00f9 ampio, HANSA-FLEX \u00e8 e sar\u00e0 sempre un&#8217;azienda familiare. La gestione strategica dell&#8217;azienda \u00e8 affidata a un consiglio di amministrazione di tre membri, guidato da Thomas Armerding, figlio [&hellip;]<\/p>\n","protected":false},"author":1,"featured_media":23701,"parent":22310,"menu_order":1,"comment_status":"closed","ping_status":"closed","template":"","meta":{"_acf_changed":true,"footnotes":""},"class_list":["post-12884","page","type-page","status-publish","has-post-thumbnail","hentry"],"acf":[],"_links":{"self":[{"href":"https:\/\/hansa-flex.ch\/it\/wp-json\/wp\/v2\/pages\/12884","targetHints":{"allow":["GET"]}}],"collection":[{"href":"https:\/\/hansa-flex.ch\/it\/wp-json\/wp\/v2\/pages"}],"about":[{"href":"https:\/\/hansa-flex.ch\/it\/wp-json\/wp\/v2\/types\/page"}],"author":[{"embeddable":true,"href":"https:\/\/hansa-flex.ch\/it\/wp-json\/wp\/v2\/users\/1"}],"replies":[{"embeddable":true,"href":"https:\/\/hansa-flex.ch\/it\/wp-json\/wp\/v2\/comments?post=12884"}],"version-history":[{"count":0,"href":"https:\/\/hansa-flex.ch\/it\/wp-json\/wp\/v2\/pages\/12884\/revisions"}],"up":[{"embeddable":true,"href":"https:\/\/hansa-flex.ch\/it\/wp-json\/wp\/v2\/pages\/22310"}],"wp:featuredmedia":[{"embeddable":true,"href":"https:\/\/hansa-flex.ch\/it\/wp-json\/wp\/v2\/media\/23701"}],"wp:attachment":[{"href":"https:\/\/hansa-flex.ch\/it\/wp-json\/wp\/v2\/media?parent=12884"}],"curies":[{"name":"wp","href":"https:\/\/api.w.org\/{rel}","templated":true}]}}