{"id":13013,"date":"2024-03-26T17:41:44","date_gmt":"2024-03-26T16:41:44","guid":{"rendered":"https:\/\/hansa-flex.ch\/magazine\/archive\/september-2023\/"},"modified":"2024-05-14T21:34:16","modified_gmt":"2024-05-14T19:34:16","slug":"september-2023","status":"publish","type":"page","link":"https:\/\/hansa-flex.ch\/it\/rivista\/archive\/september-2023\/","title":{"rendered":"Settembre 2023"},"content":{"rendered":"\n<p>Die HYDRAULIKPRESSE ist ab sofort als Online Magazin f\u00fcr Sie verf\u00fcgbar. Wir freuen uns Ausgabe #203 im September 2023 pr\u00e4sentieren zu k\u00f6nnen.<\/p>\n","protected":false},"excerpt":{"rendered":"<p>Die HYDRAULIKPRESSE ist ab sofort als Online Magazin f\u00fcr Sie verf\u00fcgbar. Wir freuen uns Ausgabe #203 im September 2023 pr\u00e4sentieren zu k\u00f6nnen.<\/p>\n","protected":false},"author":3,"featured_media":13014,"parent":12929,"menu_order":0,"comment_status":"closed","ping_status":"closed","template":"","meta":{"_acf_changed":true,"footnotes":""},"class_list":["post-13013","page","type-page","status-publish","has-post-thumbnail","hentry"],"acf":[],"_links":{"self":[{"href":"https:\/\/hansa-flex.ch\/it\/wp-json\/wp\/v2\/pages\/13013","targetHints":{"allow":["GET"]}}],"collection":[{"href":"https:\/\/hansa-flex.ch\/it\/wp-json\/wp\/v2\/pages"}],"about":[{"href":"https:\/\/hansa-flex.ch\/it\/wp-json\/wp\/v2\/types\/page"}],"author":[{"embeddable":true,"href":"https:\/\/hansa-flex.ch\/it\/wp-json\/wp\/v2\/users\/3"}],"replies":[{"embeddable":true,"href":"https:\/\/hansa-flex.ch\/it\/wp-json\/wp\/v2\/comments?post=13013"}],"version-history":[{"count":0,"href":"https:\/\/hansa-flex.ch\/it\/wp-json\/wp\/v2\/pages\/13013\/revisions"}],"up":[{"embeddable":true,"href":"https:\/\/hansa-flex.ch\/it\/wp-json\/wp\/v2\/pages\/12929"}],"wp:featuredmedia":[{"embeddable":true,"href":"https:\/\/hansa-flex.ch\/it\/wp-json\/wp\/v2\/media\/13014"}],"wp:attachment":[{"href":"https:\/\/hansa-flex.ch\/it\/wp-json\/wp\/v2\/media?parent=13013"}],"curies":[{"name":"wp","href":"https:\/\/api.w.org\/{rel}","templated":true}]}}