{"id":13076,"date":"2024-03-21T17:38:44","date_gmt":"2024-03-21T16:38:44","guid":{"rendered":"https:\/\/hansa-flex.ch\/products\/approvals\/"},"modified":"2024-05-11T22:45:22","modified_gmt":"2024-05-11T20:45:22","slug":"approvazioni","status":"publish","type":"page","link":"https:\/\/hansa-flex.ch\/it\/prodotti\/approvazioni\/","title":{"rendered":"Approvazioni"},"content":{"rendered":"\n<p>HANSA-FLEX dispone di un gran numero di approvazioni e qualifiche nazionali e internazionali. Autorit\u00e0, clienti governativi, associazioni industriali e rinomate societ\u00e0 di classificazione confermano e documentano regolarmente l&#8217;alta qualit\u00e0 e l&#8217;idoneit\u00e0 delle nostre offerte come produttori, fornitori e fornitori di servizi nel corso di vari audit e procedure di approvazione.<\/p>\n","protected":false},"excerpt":{"rendered":"<p>HANSA-FLEX dispone di un gran numero di approvazioni e qualifiche nazionali e internazionali. Autorit\u00e0, clienti governativi, associazioni industriali e rinomate societ\u00e0 di classificazione confermano e documentano regolarmente l&#8217;alta qualit\u00e0 e l&#8217;idoneit\u00e0 delle nostre offerte come produttori, fornitori e fornitori di servizi nel corso di vari audit e procedure di approvazione.<\/p>\n","protected":false},"author":3,"featured_media":13079,"parent":13068,"menu_order":0,"comment_status":"closed","ping_status":"closed","template":"","meta":{"_acf_changed":true,"footnotes":""},"class_list":["post-13076","page","type-page","status-publish","has-post-thumbnail","hentry"],"acf":[],"_links":{"self":[{"href":"https:\/\/hansa-flex.ch\/it\/wp-json\/wp\/v2\/pages\/13076","targetHints":{"allow":["GET"]}}],"collection":[{"href":"https:\/\/hansa-flex.ch\/it\/wp-json\/wp\/v2\/pages"}],"about":[{"href":"https:\/\/hansa-flex.ch\/it\/wp-json\/wp\/v2\/types\/page"}],"author":[{"embeddable":true,"href":"https:\/\/hansa-flex.ch\/it\/wp-json\/wp\/v2\/users\/3"}],"replies":[{"embeddable":true,"href":"https:\/\/hansa-flex.ch\/it\/wp-json\/wp\/v2\/comments?post=13076"}],"version-history":[{"count":0,"href":"https:\/\/hansa-flex.ch\/it\/wp-json\/wp\/v2\/pages\/13076\/revisions"}],"up":[{"embeddable":true,"href":"https:\/\/hansa-flex.ch\/it\/wp-json\/wp\/v2\/pages\/13068"}],"wp:featuredmedia":[{"embeddable":true,"href":"https:\/\/hansa-flex.ch\/it\/wp-json\/wp\/v2\/media\/13079"}],"wp:attachment":[{"href":"https:\/\/hansa-flex.ch\/it\/wp-json\/wp\/v2\/media?parent=13076"}],"curies":[{"name":"wp","href":"https:\/\/api.w.org\/{rel}","templated":true}]}}