{"id":13110,"date":"2024-03-20T15:01:52","date_gmt":"2024-03-20T14:01:52","guid":{"rendered":"https:\/\/hansa-flex.ch\/products\/drive-and-control-technology\/"},"modified":"2024-05-30T10:48:28","modified_gmt":"2024-05-30T08:48:28","slug":"tecnologia-di-azionamento-e-controllo","status":"publish","type":"page","link":"https:\/\/hansa-flex.ch\/it\/prodotti\/tecnologia-di-azionamento-e-controllo\/","title":{"rendered":"Tecnologia di azionamento e controllo"},"content":{"rendered":"\n<p>I componenti oleodinamici soddisfano i pi\u00f9 elevati standard di qualit\u00e0 presso HANSA-FLEX, dove la gestione della qualit\u00e0 \u00e8 certificata DIN ISO 9001. La disponibilit\u00e0 \u00e8 garantita dal nostro magazzino, che dispone di oltre 4.500 componenti oleodinamici. Abbiamo anche una selezione speciale di componenti per la gamma 700 bar. <\/p>\n","protected":false},"excerpt":{"rendered":"<p>I componenti oleodinamici soddisfano i pi\u00f9 elevati standard di qualit\u00e0 presso HANSA-FLEX, dove la gestione della qualit\u00e0 \u00e8 certificata DIN ISO 9001. La disponibilit\u00e0 \u00e8 garantita dal nostro magazzino, che dispone di oltre 4.500 componenti oleodinamici. Abbiamo anche una selezione speciale di componenti per la gamma 700 bar.<\/p>\n","protected":false},"author":3,"featured_media":13114,"parent":13068,"menu_order":0,"comment_status":"closed","ping_status":"closed","template":"","meta":{"_acf_changed":true,"footnotes":""},"class_list":["post-13110","page","type-page","status-publish","has-post-thumbnail","hentry"],"acf":[],"_links":{"self":[{"href":"https:\/\/hansa-flex.ch\/it\/wp-json\/wp\/v2\/pages\/13110","targetHints":{"allow":["GET"]}}],"collection":[{"href":"https:\/\/hansa-flex.ch\/it\/wp-json\/wp\/v2\/pages"}],"about":[{"href":"https:\/\/hansa-flex.ch\/it\/wp-json\/wp\/v2\/types\/page"}],"author":[{"embeddable":true,"href":"https:\/\/hansa-flex.ch\/it\/wp-json\/wp\/v2\/users\/3"}],"replies":[{"embeddable":true,"href":"https:\/\/hansa-flex.ch\/it\/wp-json\/wp\/v2\/comments?post=13110"}],"version-history":[{"count":0,"href":"https:\/\/hansa-flex.ch\/it\/wp-json\/wp\/v2\/pages\/13110\/revisions"}],"up":[{"embeddable":true,"href":"https:\/\/hansa-flex.ch\/it\/wp-json\/wp\/v2\/pages\/13068"}],"wp:featuredmedia":[{"embeddable":true,"href":"https:\/\/hansa-flex.ch\/it\/wp-json\/wp\/v2\/media\/13114"}],"wp:attachment":[{"href":"https:\/\/hansa-flex.ch\/it\/wp-json\/wp\/v2\/media?parent=13110"}],"curies":[{"name":"wp","href":"https:\/\/api.w.org\/{rel}","templated":true}]}}