{"id":13364,"date":"2024-03-18T16:52:30","date_gmt":"2024-03-18T15:52:30","guid":{"rendered":"https:\/\/hansa-flex.ch\/products\/hoses-and-hose-lines\/industrial-hoses\/"},"modified":"2024-05-30T10:57:11","modified_gmt":"2024-05-30T08:57:11","slug":"tubi-flessibili-industriali","status":"publish","type":"page","link":"https:\/\/hansa-flex.ch\/it\/prodotti\/tubi-e-tubazioni-flessibili\/tubi-flessibili-industriali\/","title":{"rendered":"Tubi flessibili industriali"},"content":{"rendered":"\n<p>I tubi industriali trovano applicazione laddove il fluido non \u00e8 utilizzato per la trasmissione di energia. I tubi industriali trasportano un&#8217;ampia gamma di fluidi, dall&#8217;acqua all&#8217;aria, dalle sostanze chimiche ai carburanti e ai gas, in quasi tutti i settori industriali. Nella sua officina specializzata in tubi flessibili, HANSA-FLEX soddisfa le richieste dei clienti secondo i pi\u00f9 alti standard di qualit\u00e0 e i pi\u00f9 brevi tempi di consegna.<\/p>\n","protected":false},"excerpt":{"rendered":"<p>I tubi industriali trovano applicazione laddove il fluido non \u00e8 utilizzato per la trasmissione di energia. I tubi industriali trasportano un&#8217;ampia gamma di fluidi, dall&#8217;acqua all&#8217;aria, dalle sostanze chimiche ai carburanti e ai gas, in quasi tutti i settori industriali. Nella sua officina specializzata in tubi flessibili, HANSA-FLEX soddisfa le richieste dei clienti secondo i [&hellip;]<\/p>\n","protected":false},"author":3,"featured_media":13367,"parent":13295,"menu_order":0,"comment_status":"closed","ping_status":"closed","template":"","meta":{"_acf_changed":true,"footnotes":""},"class_list":["post-13364","page","type-page","status-publish","has-post-thumbnail","hentry"],"acf":[],"_links":{"self":[{"href":"https:\/\/hansa-flex.ch\/it\/wp-json\/wp\/v2\/pages\/13364","targetHints":{"allow":["GET"]}}],"collection":[{"href":"https:\/\/hansa-flex.ch\/it\/wp-json\/wp\/v2\/pages"}],"about":[{"href":"https:\/\/hansa-flex.ch\/it\/wp-json\/wp\/v2\/types\/page"}],"author":[{"embeddable":true,"href":"https:\/\/hansa-flex.ch\/it\/wp-json\/wp\/v2\/users\/3"}],"replies":[{"embeddable":true,"href":"https:\/\/hansa-flex.ch\/it\/wp-json\/wp\/v2\/comments?post=13364"}],"version-history":[{"count":0,"href":"https:\/\/hansa-flex.ch\/it\/wp-json\/wp\/v2\/pages\/13364\/revisions"}],"up":[{"embeddable":true,"href":"https:\/\/hansa-flex.ch\/it\/wp-json\/wp\/v2\/pages\/13295"}],"wp:featuredmedia":[{"embeddable":true,"href":"https:\/\/hansa-flex.ch\/it\/wp-json\/wp\/v2\/media\/13367"}],"wp:attachment":[{"href":"https:\/\/hansa-flex.ch\/it\/wp-json\/wp\/v2\/media?parent=13364"}],"curies":[{"name":"wp","href":"https:\/\/api.w.org\/{rel}","templated":true}]}}