{"id":13577,"date":"2024-03-21T17:21:40","date_gmt":"2024-03-21T16:21:40","guid":{"rendered":"https:\/\/hansa-flex.ch\/products\/pneumatics\/"},"modified":"2024-05-30T11:14:48","modified_gmt":"2024-05-30T09:14:48","slug":"pneumatica","status":"publish","type":"page","link":"https:\/\/hansa-flex.ch\/it\/prodotti\/pneumatica\/","title":{"rendered":"Pneumatica"},"content":{"rendered":"\n<p>La pneumatica \u00e8 al centro dei processi automatizzati nei centri logistici, nei magazzini di piccoli pezzi e nell&#8217;industria automobilistica. L&#8217;aria compressa viene utilizzata anche nella tecnologia del vuoto ed \u00e8 indispensabile per le operazioni di sollevamento e posizionamento digitale. La qualit\u00e0 e il design dei componenti utilizzati fanno la differenza per la produttivit\u00e0 e l&#8217;efficienza dei sistemi pneumatici.\u00a0<\/p>\n","protected":false},"excerpt":{"rendered":"<p>La pneumatica \u00e8 al centro dei processi automatizzati nei centri logistici, nei magazzini di piccoli pezzi e nell&#8217;industria automobilistica. L&#8217;aria compressa viene utilizzata anche nella tecnologia del vuoto ed \u00e8 indispensabile per le operazioni di sollevamento e posizionamento digitale. La qualit\u00e0 e il design dei componenti utilizzati fanno la differenza per la produttivit\u00e0 e l&#8217;efficienza [&hellip;]<\/p>\n","protected":false},"author":3,"featured_media":13579,"parent":13068,"menu_order":0,"comment_status":"closed","ping_status":"closed","template":"","meta":{"_acf_changed":true,"footnotes":""},"class_list":["post-13577","page","type-page","status-publish","has-post-thumbnail","hentry"],"acf":[],"_links":{"self":[{"href":"https:\/\/hansa-flex.ch\/it\/wp-json\/wp\/v2\/pages\/13577","targetHints":{"allow":["GET"]}}],"collection":[{"href":"https:\/\/hansa-flex.ch\/it\/wp-json\/wp\/v2\/pages"}],"about":[{"href":"https:\/\/hansa-flex.ch\/it\/wp-json\/wp\/v2\/types\/page"}],"author":[{"embeddable":true,"href":"https:\/\/hansa-flex.ch\/it\/wp-json\/wp\/v2\/users\/3"}],"replies":[{"embeddable":true,"href":"https:\/\/hansa-flex.ch\/it\/wp-json\/wp\/v2\/comments?post=13577"}],"version-history":[{"count":0,"href":"https:\/\/hansa-flex.ch\/it\/wp-json\/wp\/v2\/pages\/13577\/revisions"}],"up":[{"embeddable":true,"href":"https:\/\/hansa-flex.ch\/it\/wp-json\/wp\/v2\/pages\/13068"}],"wp:featuredmedia":[{"embeddable":true,"href":"https:\/\/hansa-flex.ch\/it\/wp-json\/wp\/v2\/media\/13579"}],"wp:attachment":[{"href":"https:\/\/hansa-flex.ch\/it\/wp-json\/wp\/v2\/media?parent=13577"}],"curies":[{"name":"wp","href":"https:\/\/api.w.org\/{rel}","templated":true}]}}