{"id":13655,"date":"2024-03-22T17:03:23","date_gmt":"2024-03-22T16:03:23","guid":{"rendered":"https:\/\/hansa-flex.ch\/services\/assembly-and-installation\/modernisation-and-optimisation\/"},"modified":"2024-05-14T22:10:34","modified_gmt":"2024-05-14T20:10:34","slug":"modernizzazione-e-ottimizzazione","status":"publish","type":"page","link":"https:\/\/hansa-flex.ch\/it\/servizi\/montaggio-e-installazione\/modernizzazione-e-ottimizzazione\/","title":{"rendered":"Modernizzazione e ottimizzazione"},"content":{"rendered":"\n<p>Il retrofit o il rinnovamento di un impianto oleodinamico pu\u00f2 spesso essere un&#8217;alternativa efficace all&#8217;acquisto di un nuovo impianto. \u00c8 anche un modo per aumentare l&#8217;efficienza energetica e la produttivit\u00e0 o per conformarsi a nuovi standard. I nostri esperti vi consigliano e vi assistono dalla valutazione iniziale del vostro impianto esistente fino alla progettazione e alla realizzazione del vostro progetto di retrofitting o ristrutturazione.<\/p>\n","protected":false},"excerpt":{"rendered":"<p>Il retrofit o il rinnovamento di un impianto oleodinamico pu\u00f2 spesso essere un&#8217;alternativa efficace all&#8217;acquisto di un nuovo impianto. \u00c8 anche un modo per aumentare l&#8217;efficienza energetica e la produttivit\u00e0 o per conformarsi a nuovi standard. I nostri esperti vi consigliano e vi assistono dalla valutazione iniziale del vostro impianto esistente fino alla progettazione e [&hellip;]<\/p>\n","protected":false},"author":3,"featured_media":13656,"parent":13629,"menu_order":0,"comment_status":"closed","ping_status":"closed","template":"","meta":{"_acf_changed":true,"footnotes":""},"class_list":["post-13655","page","type-page","status-publish","has-post-thumbnail","hentry"],"acf":[],"_links":{"self":[{"href":"https:\/\/hansa-flex.ch\/it\/wp-json\/wp\/v2\/pages\/13655","targetHints":{"allow":["GET"]}}],"collection":[{"href":"https:\/\/hansa-flex.ch\/it\/wp-json\/wp\/v2\/pages"}],"about":[{"href":"https:\/\/hansa-flex.ch\/it\/wp-json\/wp\/v2\/types\/page"}],"author":[{"embeddable":true,"href":"https:\/\/hansa-flex.ch\/it\/wp-json\/wp\/v2\/users\/3"}],"replies":[{"embeddable":true,"href":"https:\/\/hansa-flex.ch\/it\/wp-json\/wp\/v2\/comments?post=13655"}],"version-history":[{"count":0,"href":"https:\/\/hansa-flex.ch\/it\/wp-json\/wp\/v2\/pages\/13655\/revisions"}],"up":[{"embeddable":true,"href":"https:\/\/hansa-flex.ch\/it\/wp-json\/wp\/v2\/pages\/13629"}],"wp:featuredmedia":[{"embeddable":true,"href":"https:\/\/hansa-flex.ch\/it\/wp-json\/wp\/v2\/media\/13656"}],"wp:attachment":[{"href":"https:\/\/hansa-flex.ch\/it\/wp-json\/wp\/v2\/media?parent=13655"}],"curies":[{"name":"wp","href":"https:\/\/api.w.org\/{rel}","templated":true}]}}