{"id":13810,"date":"2024-03-25T12:44:48","date_gmt":"2024-03-25T11:44:48","guid":{"rendered":"https:\/\/hansa-flex.ch\/services\/logistics-solutions\/hydraulic-workshop-containers\/"},"modified":"2024-05-14T22:21:22","modified_gmt":"2024-05-14T20:21:22","slug":"contenitori-idraulici-per-officina","status":"publish","type":"page","link":"https:\/\/hansa-flex.ch\/it\/servizi\/soluzioni-logistiche\/contenitori-idraulici-per-officina\/","title":{"rendered":"Contenitori idraulici per officina"},"content":{"rendered":"\n<p>Che si tratti di un impianto di trivellazione off-shore in tempesta, di un gelido cantiere in montagna, di un&#8217;arroventata regione desertica, di un grande progetto o di servizi in loco forniti dall&#8217;Industrial Service di HANSA-FLEX: un Hydraulic Service Container \u00e8 un&#8217;officina idraulica completamente attrezzata e pu\u00f2 offrire la massima disponibilit\u00e0 di tubazioni idrauliche in qualsiasi parte del mondo, riducendo notevolmente il tempo e il denaro persi a causa dei fermi macchina.<\/p>\n","protected":false},"excerpt":{"rendered":"<p>Che si tratti di un impianto di trivellazione off-shore in tempesta, di un gelido cantiere in montagna, di un&#8217;arroventata regione desertica, di un grande progetto o di servizi in loco forniti dall&#8217;Industrial Service di HANSA-FLEX: un Hydraulic Service Container \u00e8 un&#8217;officina idraulica completamente attrezzata e pu\u00f2 offrire la massima disponibilit\u00e0 di tubazioni idrauliche in qualsiasi [&hellip;]<\/p>\n","protected":false},"author":3,"featured_media":13812,"parent":13790,"menu_order":0,"comment_status":"closed","ping_status":"closed","template":"","meta":{"_acf_changed":true,"footnotes":""},"class_list":["post-13810","page","type-page","status-publish","has-post-thumbnail","hentry"],"acf":[],"_links":{"self":[{"href":"https:\/\/hansa-flex.ch\/it\/wp-json\/wp\/v2\/pages\/13810","targetHints":{"allow":["GET"]}}],"collection":[{"href":"https:\/\/hansa-flex.ch\/it\/wp-json\/wp\/v2\/pages"}],"about":[{"href":"https:\/\/hansa-flex.ch\/it\/wp-json\/wp\/v2\/types\/page"}],"author":[{"embeddable":true,"href":"https:\/\/hansa-flex.ch\/it\/wp-json\/wp\/v2\/users\/3"}],"replies":[{"embeddable":true,"href":"https:\/\/hansa-flex.ch\/it\/wp-json\/wp\/v2\/comments?post=13810"}],"version-history":[{"count":0,"href":"https:\/\/hansa-flex.ch\/it\/wp-json\/wp\/v2\/pages\/13810\/revisions"}],"up":[{"embeddable":true,"href":"https:\/\/hansa-flex.ch\/it\/wp-json\/wp\/v2\/pages\/13790"}],"wp:featuredmedia":[{"embeddable":true,"href":"https:\/\/hansa-flex.ch\/it\/wp-json\/wp\/v2\/media\/13812"}],"wp:attachment":[{"href":"https:\/\/hansa-flex.ch\/it\/wp-json\/wp\/v2\/media?parent=13810"}],"curies":[{"name":"wp","href":"https:\/\/api.w.org\/{rel}","templated":true}]}}