{"id":13847,"date":"2024-03-25T12:07:32","date_gmt":"2024-03-25T11:07:32","guid":{"rendered":"https:\/\/hansa-flex.ch\/services\/logistics-solutions\/warehouse-management\/"},"modified":"2024-05-09T13:31:44","modified_gmt":"2024-05-09T11:31:44","slug":"gestione-del-magazzino","status":"publish","type":"page","link":"https:\/\/hansa-flex.ch\/it\/servizi\/soluzioni-logistiche\/gestione-del-magazzino\/","title":{"rendered":"Gestione del magazzino"},"content":{"rendered":"\n<p>In qualit\u00e0 di partner di sistema per tutto ci\u00f2 che ha a che fare con la tecnologia dei fluidi, il nostro obiettivo \u00e8 ridurre il tempo dedicato alle attivit\u00e0 commerciali di routine, in modo che possiate concentrarvi sulle attivit\u00e0 che creano valore. I nostri servizi comprendono il supporto nell&#8217;ottimizzazione sistematica dei processi di magazzino per ridurre i tempi inutili di ricerca degli articoli e per progettare un flusso di materiali pi\u00f9 efficiente.<\/p>\n","protected":false},"excerpt":{"rendered":"<p>In qualit\u00e0 di partner di sistema per tutto ci\u00f2 che ha a che fare con la tecnologia dei fluidi, il nostro obiettivo \u00e8 ridurre il tempo dedicato alle attivit\u00e0 commerciali di routine, in modo che possiate concentrarvi sulle attivit\u00e0 che creano valore. I nostri servizi comprendono il supporto nell&#8217;ottimizzazione sistematica dei processi di magazzino per [&hellip;]<\/p>\n","protected":false},"author":3,"featured_media":13848,"parent":13790,"menu_order":0,"comment_status":"closed","ping_status":"closed","template":"","meta":{"_acf_changed":true,"footnotes":""},"class_list":["post-13847","page","type-page","status-publish","has-post-thumbnail","hentry"],"acf":[],"_links":{"self":[{"href":"https:\/\/hansa-flex.ch\/it\/wp-json\/wp\/v2\/pages\/13847","targetHints":{"allow":["GET"]}}],"collection":[{"href":"https:\/\/hansa-flex.ch\/it\/wp-json\/wp\/v2\/pages"}],"about":[{"href":"https:\/\/hansa-flex.ch\/it\/wp-json\/wp\/v2\/types\/page"}],"author":[{"embeddable":true,"href":"https:\/\/hansa-flex.ch\/it\/wp-json\/wp\/v2\/users\/3"}],"replies":[{"embeddable":true,"href":"https:\/\/hansa-flex.ch\/it\/wp-json\/wp\/v2\/comments?post=13847"}],"version-history":[{"count":0,"href":"https:\/\/hansa-flex.ch\/it\/wp-json\/wp\/v2\/pages\/13847\/revisions"}],"up":[{"embeddable":true,"href":"https:\/\/hansa-flex.ch\/it\/wp-json\/wp\/v2\/pages\/13790"}],"wp:featuredmedia":[{"embeddable":true,"href":"https:\/\/hansa-flex.ch\/it\/wp-json\/wp\/v2\/media\/13848"}],"wp:attachment":[{"href":"https:\/\/hansa-flex.ch\/it\/wp-json\/wp\/v2\/media?parent=13847"}],"curies":[{"name":"wp","href":"https:\/\/api.w.org\/{rel}","templated":true}]}}