{"id":13913,"date":"2024-03-22T17:37:07","date_gmt":"2024-03-22T16:37:07","guid":{"rendered":"https:\/\/hansa-flex.ch\/services\/preventative-maintenance\/"},"modified":"2024-05-14T21:55:24","modified_gmt":"2024-05-14T19:55:24","slug":"manutenzione-preventiva","status":"publish","type":"page","link":"https:\/\/hansa-flex.ch\/it\/servizi\/manutenzione-preventiva\/","title":{"rendered":"Manutenzione preventiva"},"content":{"rendered":"\n<p>La manutenzione preventiva aiuta a evitare rischi e danni e a far durare pi\u00f9 a lungo le macchine e i sistemi. HANSA-FLEX \u00e8 un manutentore di sistemi e pu\u00f2 supportarvi con molti servizi utili. <\/p>\n","protected":false},"excerpt":{"rendered":"<p>La manutenzione preventiva aiuta a evitare rischi e danni e a far durare pi\u00f9 a lungo le macchine e i sistemi. HANSA-FLEX \u00e8 un manutentore di sistemi e pu\u00f2 supportarvi con molti servizi utili.<\/p>\n","protected":false},"author":3,"featured_media":13914,"parent":13622,"menu_order":0,"comment_status":"closed","ping_status":"closed","template":"","meta":{"_acf_changed":true,"footnotes":""},"class_list":["post-13913","page","type-page","status-publish","has-post-thumbnail","hentry"],"acf":[],"_links":{"self":[{"href":"https:\/\/hansa-flex.ch\/it\/wp-json\/wp\/v2\/pages\/13913","targetHints":{"allow":["GET"]}}],"collection":[{"href":"https:\/\/hansa-flex.ch\/it\/wp-json\/wp\/v2\/pages"}],"about":[{"href":"https:\/\/hansa-flex.ch\/it\/wp-json\/wp\/v2\/types\/page"}],"author":[{"embeddable":true,"href":"https:\/\/hansa-flex.ch\/it\/wp-json\/wp\/v2\/users\/3"}],"replies":[{"embeddable":true,"href":"https:\/\/hansa-flex.ch\/it\/wp-json\/wp\/v2\/comments?post=13913"}],"version-history":[{"count":0,"href":"https:\/\/hansa-flex.ch\/it\/wp-json\/wp\/v2\/pages\/13913\/revisions"}],"up":[{"embeddable":true,"href":"https:\/\/hansa-flex.ch\/it\/wp-json\/wp\/v2\/pages\/13622"}],"wp:featuredmedia":[{"embeddable":true,"href":"https:\/\/hansa-flex.ch\/it\/wp-json\/wp\/v2\/media\/13914"}],"wp:attachment":[{"href":"https:\/\/hansa-flex.ch\/it\/wp-json\/wp\/v2\/media?parent=13913"}],"curies":[{"name":"wp","href":"https:\/\/api.w.org\/{rel}","templated":true}]}}