{"id":22310,"date":"2024-02-29T19:30:52","date_gmt":"2024-02-29T18:30:52","guid":{"rendered":"https:\/\/hansa-flex.ch\/company\/"},"modified":"2024-05-11T20:05:11","modified_gmt":"2024-05-11T18:05:11","slug":"azienda","status":"publish","type":"page","link":"https:\/\/hansa-flex.ch\/it\/azienda\/","title":{"rendered":"Azienda"},"content":{"rendered":"\n<p>HANSA-FLEX \u00e8 una societ\u00e0 per azioni (AG) a conduzione familiare con attivit\u00e0 globali e sede centrale a Brema. Siamo uno dei fornitori leader a livello mondiale di prodotti, servizi e soluzioni globali per l&#8217;idraulica. Con oltre 4.200 dipendenti in pi\u00f9 di 445 sedi, ci impegniamo ogni giorno per essere il miglior partner e fornitore di servizi per i nostri clienti.<\/p>\n","protected":false},"excerpt":{"rendered":"<p>HANSA-FLEX \u00e8 una societ\u00e0 per azioni (AG) a conduzione familiare con attivit\u00e0 globali e sede centrale a Brema. Siamo uno dei fornitori leader a livello mondiale di prodotti, servizi e soluzioni globali per l&#8217;idraulica. Con oltre 4.200 dipendenti in pi\u00f9 di 445 sedi, ci impegniamo ogni giorno per essere il miglior partner e fornitore di [&hellip;]<\/p>\n","protected":false},"author":1,"featured_media":11416,"parent":0,"menu_order":0,"comment_status":"closed","ping_status":"closed","template":"","meta":{"_acf_changed":false,"footnotes":""},"class_list":["post-22310","page","type-page","status-publish","has-post-thumbnail","hentry"],"acf":[],"_links":{"self":[{"href":"https:\/\/hansa-flex.ch\/it\/wp-json\/wp\/v2\/pages\/22310","targetHints":{"allow":["GET"]}}],"collection":[{"href":"https:\/\/hansa-flex.ch\/it\/wp-json\/wp\/v2\/pages"}],"about":[{"href":"https:\/\/hansa-flex.ch\/it\/wp-json\/wp\/v2\/types\/page"}],"author":[{"embeddable":true,"href":"https:\/\/hansa-flex.ch\/it\/wp-json\/wp\/v2\/users\/1"}],"replies":[{"embeddable":true,"href":"https:\/\/hansa-flex.ch\/it\/wp-json\/wp\/v2\/comments?post=22310"}],"version-history":[{"count":0,"href":"https:\/\/hansa-flex.ch\/it\/wp-json\/wp\/v2\/pages\/22310\/revisions"}],"wp:featuredmedia":[{"embeddable":true,"href":"https:\/\/hansa-flex.ch\/it\/wp-json\/wp\/v2\/media\/11416"}],"wp:attachment":[{"href":"https:\/\/hansa-flex.ch\/it\/wp-json\/wp\/v2\/media?parent=22310"}],"curies":[{"name":"wp","href":"https:\/\/api.w.org\/{rel}","templated":true}]}}